{"id":117,"date":"2013-12-18T12:32:40","date_gmt":"2013-12-18T11:32:40","guid":{"rendered":"http:\/\/old.libradio.org\/?page_id=117"},"modified":"2018-02-26T03:38:08","modified_gmt":"2018-02-26T02:38:08","slug":"galerie-photo","status":"publish","type":"page","link":"https:\/\/old.libradio.org\/?page_id=117","title":{"rendered":"Sources audio-visuelles"},"content":{"rendered":"<p><font color=\"aa22pp\"><br \/>\nIci tu trouves des vid\u00e9ocast, des podcast, des illustrations et des liens. Tout pour \u00e9voquer le m\u00e9dia radiophonique et le sens de libert\u00e9 qui y habite&#8230;<\/p>\n<hr>\n<p>Cette rubrique pour nous documenter autour de l&rsquo;histoire de la radio en g\u00e9n\u00e9ral et des radio libres, pirates ou associatives en particulier. Il ne s&rsquo;agit que de lien identifi\u00e9 sur le WEB, site externes donc. Les doc ont tous \u00e9t\u00e9 bien entendu visionn\u00e9s et s\u00e9lectionn\u00e9s m\u00e9ticuleusement. N&rsquo;h\u00e9site pas \u00e0 nous faire part d&rsquo;un d\u00e9faut ou d&rsquo;une suggestion. libradio@libradio.org<\/p>\n<p>En pr\u00e9ambule une ressource splendide et intarissable! <a href=\"http:\/\/www.intempestive.net\/radios-libres\">ICI<\/a> la partie sp\u00e9cifiquement sur les Radios Libres, mais le site est une panac\u00e9e en entier! <a href=\"http:\/\/www.intempestive.net\/\">www.intempestive.net\u00a0<\/a><\/p>\n<hr>\n<p><strong>SOMMAIRE:\u00a0<\/strong><\/p>\n<p><strong>I\/une histoire des radios libres. <\/strong><\/p>\n<p><strong>II\/Une br\u00e8ve histoire des radios libres. <\/strong><\/p>\n<p><strong>III\/Radio Corbeau -Extraits. <\/strong><\/p>\n<p><strong>IV\/Lorraine c\u0153ur d&rsquo;acier. <\/strong><\/p>\n<p><strong>V\/Archives TSR, les radios libres. <\/strong><\/p>\n<p><strong>VI\/Archives TSR Les pirates des ondes. <\/strong><\/p>\n<p><strong>VII\/podcast: Les radio libres, entrevue d&rsquo;un praticien, Philippe. <\/strong><\/p>\n<p><strong>VIII\/podcast: L&rsquo;aventure de radio pirate 101<\/strong><\/p>\n<p><strong>IX\/Radio pirates angloises!<\/strong><\/p>\n<p><strong>X\/Radios Libres dans l&rsquo;\u00e9mission Droit de R\u00e9ponse-Extrait<\/strong><\/p>\n<p><strong>XI\/Divers<\/strong><\/p>\n<p>XII\/Bonus: {english language} &#8211; Bring Back Radio nova, youtube, 50&prime; part: <a href=\"https:\/\/www.youtube.com\/watch?v=ytBArHsbQqo\">1<\/a>; <a href=\"https:\/\/www.youtube.com\/watch?v=5GVdwxwTezI\">2<\/a>; <a href=\"https:\/\/www.youtube.com\/watch?v=kT4gxWMcIew\">3<\/a>; <a href=\"https:\/\/www.youtube.com\/watch?v=p_b8EgdoT20\">4<\/a><\/p>\n<ul>\n<li>30 ans apr\u00e8s la naissance des Radios Libres, \u00ab\u00a0une histoire des radios libres\u00a0\u00bb est une compilation de documents de l&rsquo;I.N.A. et de paroles d&rsquo;experts (Thierry Lef\u00e8vre Historien des m\u00e9dias et R\u00e9my Dev\u00e8ze r\u00e9alisateur de \u00ab\u00a0La folle histoire des radios libres\u00a0\u00bb). Cette vid\u00e9o s&rsquo;int\u00e9resse \u00e0 la cr\u00e9ation des radios libres et \u00e0 son histoire. Les radios p\u00e9riph\u00e9riques ne sont pas trait\u00e9es car elles n&rsquo;\u00e9taient pas sur le territoire fran\u00e7ais. 8&rsquo;20\u00a0\u00bb. Youtube.<a href=\"https:\/\/www.youtube.com\/watch?v=2GkzgU8mWAE\">ICI<\/a><\/li>\n<li>Une br\u00e8ve histoire des Radios Libres. Vimeo, 11&prime;. Autour de l&rsquo;expo de T. Lef\u00e8vre . <a style=\"font-size: medium;\" href=\"http:\/\/vimeo.com\/24772367\">ICI<\/a>\u00a0Document un peu franco-fran\u00e7ais, mais tout de m\u00eame digne d&rsquo;int\u00e9r\u00eat.<\/li>\n<li>Un film, ils sont rares, avec comme trame de la radio libre et de la d\u00e9lation dans un village folklo comme ils n&rsquo;en existe que dans nos imaginaires. Radio Corbeau, la partie initiale <a href=\"Dans la petite ville de Saint-Meyrand, une radio pirate \u00e9met \u00e0 midi trente pr\u00e9cise, avec un dr\u00f4le de bulletin d'informations locales. &quot;Radio Corbeau&quot; informe les habitants de cette paisible ville de province des secrets de leurs notables, qu'ils soient politiques, commer\u00e7ants ou patrons, mais aussi de citoyens plus modestes. \n\n<p>De nombreux scandales sont ainsi d\u00e9nonc\u00e9s, des plus anodins comme les adult\u00e8res de certains, aux plus graves comme les malversations de certains autres&#8230; Un inspecteur est charg\u00e9 d&rsquo;enqu\u00eater sur cette radio, tandis que le correspondant du journal local s&rsquo;amuse de voir le d\u00e9sordre provoqu\u00e9 par cette nouvelle attraction.Titre : Radio corbeau R\u00e9alisation : Yves Boisset\u00a0\u00bb>ICI<\/a>, 20&prime; Youtube. Dans la petite ville de Saint-Meyrand, une radio pirate \u00e9met \u00e0 midi trente pr\u00e9cise, avec un dr\u00f4le de bulletin d&rsquo;informations locales. \u00ab\u00a0Radio Corbeau\u00a0\u00bb informe les habitants de cette paisible ville de province des secrets de leurs notables, qu&rsquo;ils soient politiques, commer\u00e7ants ou patrons, mais aussi de citoyens plus modestes. <br \/>De nombreux scandales sont ainsi d\u00e9nonc\u00e9s, des plus anodins comme les adult\u00e8res de certains, aux plus graves comme les malversations de certains autres&#8230; Un inspecteur est charg\u00e9 d&rsquo;enqu\u00eater sur cette radio, tandis que le correspondant du journal local s&rsquo;amuse de voir le d\u00e9sordre provoqu\u00e9 par cette nouvelle attraction.Titre : Radio corbeau., R\u00e9alisation : Yves Boisset, 1989<\/li>\n<li>Lorraine c\u0153ur d&rsquo;acier est une radio qui fut fond\u00e9e en mars 1979 par la CGT dans la ville de Longwy pour lutter contre les fermetures d&rsquo;usines dans le milieu sid\u00e9rurgique. Anim\u00e9e par les journalistes Marcel Trillat et Jacques Dupont, la radio diffuse quelques heures par jour, ill\u00e9galement, \u00e0 partir de la mairie de Longwy-Haut, l&rsquo;\u00e9metteur \u00e9tant plac\u00e9 sur le sommet du clocher de l&rsquo;\u00e9glise voisine. \u00c0 chaque tentative d&rsquo;\u00e9vacuation par les CRS, on y sonne le tocsin et des milliers de personnes viennent prot\u00e9ger la radio.\n<p>\nLa particularit\u00e9 de cette radio r\u00e9sidait dans son ouverture : la parole n&rsquo;\u00e9tait pas r\u00e9serv\u00e9e qu&rsquo;aux syndicats. Quiconque voulait intervenir le pouvait. La porte du \u00ab\u00a0studio\u00a0\u00bb \u00e9tait ouverte \u00e0 tous : ouvriers, militants ou sympathisants de gauche comme de droite (sauf d&rsquo;extr\u00eame-droite), habitants, du communiste \u00e0 la religieuse. 3 Parties, 60&prime;. Daily. <a href=\"http:\/\/www.dailymotion.com\/video\/xc14fl_longwy-radio-lorraine-coeur-d-acier_news\">I<\/a>, <a href=\"http:\/\/www.dailymotion.com\/video\/xc17l3_longwy-radio-lorraine-coeur-d-acier_lifestyle\">II<\/a>, <a href=\"http:\/\/www.dailymotion.com\/video\/xc5atj_longwy-radio-lorraine-coeur-d-acier_news\">III<\/a><\/li>\n<\/ul>\n<p>&nbsp;<\/p>\n<hr>\n<p>Deux vid\u00e9os et deux podcast \u00e0 propos des Radios Libre en Suisse et \u00e0 Gen\u00e8ve.<\/p>\n<ul>\n<li><a href=\"http:\/\/www.rts.ch\/archives\/tv\/varietes\/3452949-radios-libres.html\">Radios Libres \/ archives TSR, 17&prime;, 20 janv. 1983<\/a>\u00a0(vid\u00e9o)<\/li>\n<li><a href=\"http:\/\/www.rts.ch\/archives\/tv\/information\/tell-quel\/3450299-les-pirates-des-ondes.html\">Les Pirates des ondes, archives TSR, 1979, 27&prime;<\/a>\u00a0(vid\u00e9o)<\/li>\n<li>Philippe nous parle de\u00a0<a href=\"http:\/\/podcast.frequencebanane.ch\/files\/1389968519_06-philippe.mp3\">Radio libre<\/a>, et est rejoint par Eric le Viking (podcast)<\/li>\n<li>L&rsquo;aventure de <a href=\"http:\/\/bande-a-part.org\/radiopirate.php\">Radio Pirate 101<\/a>\u00a0(podcast-site externe)<\/li>\n<\/ul>\n<p><a href=\"https:\/\/old.libradio.org\/wp-content\/uploads\/2013\/12\/noirLaradio.jpg\"><img decoding=\"async\" loading=\"lazy\" class=\"aligncenter size-medium wp-image-642\" alt=\"noirLaradio\" src=\"https:\/\/old.libradio.org\/wp-content\/uploads\/2013\/12\/noirLaradio-229x300.jpg\" width=\"229\" height=\"300\" srcset=\"https:\/\/old.libradio.org\/wp-content\/uploads\/2013\/12\/noirLaradio-229x300.jpg 229w, https:\/\/old.libradio.org\/wp-content\/uploads\/2013\/12\/noirLaradio-600x785.jpg 600w, https:\/\/old.libradio.org\/wp-content\/uploads\/2013\/12\/noirLaradio.jpg 713w\" sizes=\"(max-width: 229px) 100vw, 229px\" \/><\/a><\/p>\n<p>&nbsp;<\/p>\n<hr>\n<p>Et l&rsquo;on repart de l&rsquo;autre c\u00f4t\u00e9 de la Manche<\/p>\n<ul>\n<li>Enqu\u00eate sur les radios pirates anglaises qui basent leurs \u00e9metteurs \u00e0 la limite des eaux territoriales britanniques afin d&rsquo;\u00eatre capt\u00e9es \u00e0 Londres et ses environs. L&rsquo;\u00e9quipe de Zoom s&rsquo;est rendu \u00e0 bord du b\u00e2teau de Radio Caroline et de la plateforme de Radio City, deux radios pirates. Au cours du reportage, rencontre avec deux disc jockeys, avec le jeune patron de Radio Caroline et un directeur de la BBC. La seconde partie du sujet revient sur le meurtre de Reginal Calvert, le patron de Radio City, assassin\u00e9 pour des histoires de gros sous. Miss KITTY BLACK, associ\u00e9e et amie de l&rsquo;assassin Mister SMETLEY t\u00e9moigne. INA, 22&prime; 1966. <a style=\"font-size: medium;\" href=\"http:\/\/www.ina.fr\/video\/CPF07011433\">ICI<\/a><\/li>\n<li>Les radios libres dans Droit de R\u00e9ponse. Extrait: INA. 7&prime;. <a href=\"http:\/\/www.ina.fr\/video\/CPA82053310\/les-radios-libres-video.html\">ICI<\/a><\/li>\n<li>Encore recens\u00e9s, un doc sur <a href=\"http:\/\/www.prun.net\/\">Prun FM<\/a> \u00e0 Nantes, un long-m\u00e9trage: \u00ab\u00a0Good morning England\u00a0\u00bb <a href=\"http:\/\/fr.wikipedia.org\/wiki\/Good_Morning_England\">Info<\/a>.<\/li>\n<\/ul>\n<p>&nbsp;<\/p>\n<hr>\n<p><strong>L&rsquo;\u00e9quipe de LibrAdio se montre!<\/strong><\/p>\n<p style=\"text-align: center;\"><a href=\"https:\/\/old.libradio.org\/wp-content\/uploads\/2013\/12\/2013-10-22-11.55.40.jpg\"><img decoding=\"async\" loading=\"lazy\" class=\"alignleft\" title=\"nous\" alt=\"nous\" src=\"https:\/\/old.libradio.org\/wp-content\/uploads\/2013\/12\/2013-10-22-11.55.40-150x150.jpg\" width=\"300\" height=\"165\" \/><\/a><\/p>\n<p style=\"text-align: right;\"><strong style=\"text-align: right;\">\u00c9mission du 19 avril 2014 depuis Fr\u00e9quence Banane Gen\u00e8ve:<\/strong><\/p>\n<p><a href=\"https:\/\/old.libradio.org\/wp-content\/uploads\/2013\/12\/DSC03150.jpg\"><img decoding=\"async\" loading=\"lazy\" class=\"size-thumbnail wp-image-518 alignright\" alt=\"DSC03150\" src=\"https:\/\/old.libradio.org\/wp-content\/uploads\/2013\/12\/DSC03150-150x150.jpg\" width=\"150\" height=\"150\" \/><\/a><a href=\"https:\/\/old.libradio.org\/wp-content\/uploads\/2013\/12\/DSC03155.jpg\"><img decoding=\"async\" loading=\"lazy\" class=\"size-thumbnail wp-image-519 aligncenter alignright\" alt=\"DSC03155\" src=\"https:\/\/old.libradio.org\/wp-content\/uploads\/2013\/12\/DSC03155-150x150.jpg\" width=\"150\" height=\"150\" \/><\/a><\/p>\n<p style=\"text-align: center;\"><strong>\u00a0<\/strong><\/p>\n<p>&nbsp;<\/p>\n<p>&nbsp;<\/p>\n<p>&nbsp;<\/p>\n<p>&nbsp;<\/p>\n<p>&nbsp;<\/p>\n<p>&nbsp;<\/p>\n<p>&nbsp;<\/p>\n<p>&nbsp;<\/p>\n<p><strong>\u00c9mission depuis le studio de Fr\u00e9quence Banane Gen\u00e8ve:<\/strong><\/p>\n<p style=\"text-align: center;\"><img decoding=\"async\" loading=\"lazy\" class=\"size-thumbnail wp-image-516 alignnone alignleft\" alt=\"DSC03133\" src=\"https:\/\/old.libradio.org\/wp-content\/uploads\/2013\/12\/DSC03133-150x150.jpg\" width=\"150\" height=\"150\" \/><\/p>\n<p>\u00a0<a href=\"https:\/\/old.libradio.org\/wp-content\/uploads\/2013\/12\/DSC03135.jpg\"><img decoding=\"async\" loading=\"lazy\" class=\"alignleft size-thumbnail wp-image-517\" alt=\"DSC03135\" src=\"https:\/\/old.libradio.org\/wp-content\/uploads\/2013\/12\/DSC03135-150x150.jpg\" width=\"150\" height=\"150\" \/><\/a><\/p>\n<p><a href=\"https:\/\/old.libradio.org\/wp-content\/uploads\/2013\/12\/DSC03140.jpg\"><img decoding=\"async\" loading=\"lazy\" class=\"size-thumbnail wp-image-520 aligncenter\" alt=\"DSC03140\" src=\"https:\/\/old.libradio.org\/wp-content\/uploads\/2013\/12\/DSC03140-150x150.jpg\" width=\"150\" height=\"150\" \/><\/a><\/p>\n<ul>\n<li><strong>La soir\u00e9e du 13 d\u00e9cembre \u00e0 la Cawa:<\/strong><\/li>\n<\/ul>\n<p style=\"text-align: left;\">\u00a0<em>Salut Adrien!<\/em><\/p>\n<p style=\"text-align: left;\"><a href=\"https:\/\/old.libradio.org\/wp-content\/uploads\/2013\/12\/20131213_184441-576x1024.jpg\"><img decoding=\"async\" loading=\"lazy\" alt=\"20131213_184441\" src=\"https:\/\/old.libradio.org\/wp-content\/uploads\/2013\/12\/20131213_184441-150x150.jpg\" width=\"150\" height=\"150\" \/><\/a><\/p>\n<p><a href=\"https:\/\/old.libradio.org\/wp-content\/uploads\/2013\/12\/20131213_180033-1024x576.jpg\"><img decoding=\"async\" loading=\"lazy\" alt=\"Cawa\" src=\"https:\/\/old.libradio.org\/wp-content\/uploads\/2013\/12\/20131213_180033-150x150.jpg\" width=\"150\" height=\"150\" \/><\/a>\u00a0\u00a0<a href=\"https:\/\/old.libradio.org\/wp-content\/uploads\/2013\/12\/20131213_180019-1024x576.jpg\"><img decoding=\"async\" loading=\"lazy\" class=\"alignleft\" alt=\"20131213_180019\" src=\"https:\/\/old.libradio.org\/wp-content\/uploads\/2013\/12\/20131213_180019-150x150.jpg\" width=\"150\" height=\"150\" \/><\/a><\/p>\n<p>&nbsp;<\/p>\n<ul>\n<li><strong>La soir\u00e9e du 14 d\u00e9cembre \u00e0 la Zona Mutante!<\/strong><\/li>\n<\/ul>\n<p style=\"text-align: left;\">Elle:<\/p>\n<p style=\"text-align: left;\"><a href=\"https:\/\/old.libradio.org\/wp-content\/uploads\/2013\/12\/20131215_002249-576x1024.jpg\"><img decoding=\"async\" loading=\"lazy\" class=\"alignright\" alt=\"20131215_002249\" src=\"https:\/\/old.libradio.org\/wp-content\/uploads\/2013\/12\/20131215_002249-150x150.jpg\" width=\"150\" height=\"150\" \/><\/a><a href=\"https:\/\/old.libradio.org\/wp-content\/uploads\/2013\/12\/DSC03112.jpg\"><img decoding=\"async\" loading=\"lazy\" class=\"alignleft size-thumbnail wp-image-514\" alt=\"DSC03112\" src=\"https:\/\/old.libradio.org\/wp-content\/uploads\/2013\/12\/DSC03112-150x150.jpg\" width=\"150\" height=\"150\" \/><\/a><a href=\"https:\/\/old.libradio.org\/wp-content\/uploads\/2013\/12\/DSC03114.jpg\"><img decoding=\"async\" loading=\"lazy\" class=\"size-thumbnail wp-image-512 aligncenter\" alt=\"DSC03114\" src=\"https:\/\/old.libradio.org\/wp-content\/uploads\/2013\/12\/DSC03114-150x150.jpg\" width=\"150\" height=\"150\" \/><\/a><\/p>\n<p style=\"text-align: left;\"><a href=\"https:\/\/old.libradio.org\/wp-content\/uploads\/2013\/12\/20131215_003418-1024x576.jpg\"><img decoding=\"async\" loading=\"lazy\" class=\"alignright\" alt=\"20131215_003418\" src=\"https:\/\/old.libradio.org\/wp-content\/uploads\/2013\/12\/20131215_003418-150x150.jpg\" width=\"150\" height=\"150\" \/><\/a><a href=\"https:\/\/old.libradio.org\/wp-content\/uploads\/2013\/12\/DSC03124.jpg\"><img decoding=\"async\" loading=\"lazy\" class=\"alignleft size-thumbnail wp-image-511\" alt=\"DSC03124\" src=\"https:\/\/old.libradio.org\/wp-content\/uploads\/2013\/12\/DSC03124-150x150.jpg\" width=\"150\" height=\"150\" \/><\/a><a href=\"https:\/\/old.libradio.org\/wp-content\/uploads\/2013\/12\/DSC03113.jpg\"><img decoding=\"async\" loading=\"lazy\" class=\"size-thumbnail wp-image-500 aligncenter\" alt=\"DSC03113\" src=\"https:\/\/old.libradio.org\/wp-content\/uploads\/2013\/12\/DSC03113-150x150.jpg\" width=\"150\" height=\"150\" \/><\/a><\/p>\n<ul>\n<li><strong>R\u00e9p\u00e9tition des Monkberry Moon Orchestra: quel talent!<\/strong><\/li>\n<\/ul>\n<p><a href=\"https:\/\/old.libradio.org\/wp-content\/uploads\/2013\/12\/20131217_212642-576x1024.jpg\"><img decoding=\"async\" loading=\"lazy\" alt=\"20131217_212642\" src=\"https:\/\/old.libradio.org\/wp-content\/uploads\/2013\/12\/20131217_212642-150x150.jpg\" width=\"150\" height=\"150\" \/><\/a>\u00a0 \u00a0<a href=\"https:\/\/old.libradio.org\/wp-content\/uploads\/2013\/12\/20131217_212553-576x1024.jpg\"><img decoding=\"async\" loading=\"lazy\" alt=\"20131217_212553\" src=\"https:\/\/old.libradio.org\/wp-content\/uploads\/2013\/12\/20131217_212553-150x150.jpg\" width=\"150\" height=\"150\" \/><\/a>\u00a0 \u00a0<a href=\"https:\/\/old.libradio.org\/wp-content\/uploads\/2013\/12\/2013-12-17-21.14.32.jpg\"><img decoding=\"async\" loading=\"lazy\" class=\"alignleft\" alt=\"SAMSUNG\" src=\"https:\/\/old.libradio.org\/wp-content\/uploads\/2013\/12\/2013-12-17-21.14.32-150x150.jpg\" width=\"150\" height=\"150\" \/><\/a><\/p>\n<p>&nbsp;<\/p>\n<p style=\"text-align: center;\"><strong>Stickers<\/strong><\/p>\n\n\t\t<style type=\"text\/css\">\n\t\t\t#gallery-1 {\n\t\t\t\tmargin: auto;\n\t\t\t}\n\t\t\t#gallery-1 .gallery-item {\n\t\t\t\tfloat: left;\n\t\t\t\tmargin-top: 10px;\n\t\t\t\ttext-align: center;\n\t\t\t\twidth: 33%;\n\t\t\t}\n\t\t\t#gallery-1 img {\n\t\t\t\tborder: 2px solid #cfcfcf;\n\t\t\t}\n\t\t\t#gallery-1 .gallery-caption {\n\t\t\t\tmargin-left: 0;\n\t\t\t}\n\t\t\t\/* see gallery_shortcode() in wp-includes\/media.php *\/\n\t\t<\/style>\n\t\t<div id='gallery-1' class='gallery galleryid-117 gallery-columns-3 gallery-size-thumbnail'><dl class='gallery-item'>\n\t\t\t<dt class='gallery-icon portrait'>\n\t\t\t\t<a href='https:\/\/old.libradio.org\/?attachment_id=612#main'><img width=\"150\" height=\"150\" src=\"https:\/\/old.libradio.org\/wp-content\/uploads\/2014\/08\/radioreveil2-150x150.png\" class=\"attachment-thumbnail size-thumbnail\" alt=\"\" decoding=\"async\" loading=\"lazy\" \/><\/a>\n\t\t\t<\/dt><\/dl><dl class='gallery-item'>\n\t\t\t<dt class='gallery-icon portrait'>\n\t\t\t\t<a href='https:\/\/old.libradio.org\/?attachment_id=611#main'><img width=\"150\" height=\"150\" src=\"https:\/\/old.libradio.org\/wp-content\/uploads\/2014\/08\/radioJ-150x150.png\" class=\"attachment-thumbnail size-thumbnail\" alt=\"\" decoding=\"async\" loading=\"lazy\" \/><\/a>\n\t\t\t<\/dt><\/dl><dl class='gallery-item'>\n\t\t\t<dt class='gallery-icon portrait'>\n\t\t\t\t<a href='https:\/\/old.libradio.org\/?attachment_id=610#main'><img width=\"150\" height=\"150\" src=\"https:\/\/old.libradio.org\/wp-content\/uploads\/2014\/08\/radioreveil-150x150.png\" class=\"attachment-thumbnail size-thumbnail\" alt=\"\" decoding=\"async\" loading=\"lazy\" \/><\/a>\n\t\t\t<\/dt><\/dl><br style=\"clear: both\" \/><dl class='gallery-item'>\n\t\t\t<dt class='gallery-icon landscape'>\n\t\t\t\t<a href='https:\/\/old.libradio.org\/?attachment_id=609#main'><img width=\"150\" height=\"150\" src=\"https:\/\/old.libradio.org\/wp-content\/uploads\/2014\/08\/radiopatrie2-150x150.png\" class=\"attachment-thumbnail size-thumbnail\" alt=\"\" decoding=\"async\" loading=\"lazy\" \/><\/a>\n\t\t\t<\/dt><\/dl><dl class='gallery-item'>\n\t\t\t<dt class='gallery-icon landscape'>\n\t\t\t\t<a href='https:\/\/old.libradio.org\/?attachment_id=608#main'><img width=\"150\" height=\"150\" src=\"https:\/\/old.libradio.org\/wp-content\/uploads\/2014\/08\/radiologosss.Bandeau-150x150.jpg\" class=\"attachment-thumbnail size-thumbnail\" alt=\"\" decoding=\"async\" loading=\"lazy\" \/><\/a>\n\t\t\t<\/dt><\/dl><dl class='gallery-item'>\n\t\t\t<dt class='gallery-icon portrait'>\n\t\t\t\t<a href='https:\/\/old.libradio.org\/?attachment_id=607#main'><img width=\"150\" height=\"150\" src=\"https:\/\/old.libradio.org\/wp-content\/uploads\/2014\/08\/radiologo2-150x150.png\" class=\"attachment-thumbnail size-thumbnail\" alt=\"\" decoding=\"async\" loading=\"lazy\" \/><\/a>\n\t\t\t<\/dt><\/dl><br style=\"clear: both\" \/><dl class='gallery-item'>\n\t\t\t<dt class='gallery-icon landscape'>\n\t\t\t\t<a href='https:\/\/old.libradio.org\/?attachment_id=606#main'><img width=\"150\" height=\"150\" src=\"https:\/\/old.libradio.org\/wp-content\/uploads\/2014\/08\/lilogo-150x150.png\" class=\"attachment-thumbnail size-thumbnail\" alt=\"\" decoding=\"async\" loading=\"lazy\" \/><\/a>\n\t\t\t<\/dt><\/dl><dl class='gallery-item'>\n\t\t\t<dt class='gallery-icon '>\n\t\t\t\t<a href='https:\/\/old.libradio.org\/?attachment_id=605#main'><img width=\"1\" height=\"1\" src=\"https:\/\/old.libradio.org\/wp-content\/uploads\/2014\/08\/libravisu2.jpg\" class=\"attachment-thumbnail size-thumbnail\" alt=\"\" decoding=\"async\" loading=\"lazy\" \/><\/a>\n\t\t\t<\/dt><\/dl><dl class='gallery-item'>\n\t\t\t<dt class='gallery-icon landscape'>\n\t\t\t\t<a href='https:\/\/old.libradio.org\/?attachment_id=604#main'><img width=\"150\" height=\"150\" src=\"https:\/\/old.libradio.org\/wp-content\/uploads\/2014\/08\/libraciel1-150x150.png\" class=\"attachment-thumbnail size-thumbnail\" alt=\"\" decoding=\"async\" loading=\"lazy\" \/><\/a>\n\t\t\t<\/dt><\/dl><br style=\"clear: both\" \/><dl class='gallery-item'>\n\t\t\t<dt class='gallery-icon portrait'>\n\t\t\t\t<a href='https:\/\/old.libradio.org\/?attachment_id=603#main'><img width=\"109\" height=\"130\" src=\"https:\/\/old.libradio.org\/wp-content\/uploads\/2014\/08\/libradiologodent.png\" class=\"attachment-thumbnail size-thumbnail\" alt=\"\" decoding=\"async\" loading=\"lazy\" \/><\/a>\n\t\t\t<\/dt><\/dl>\n\t\t\t<br style='clear: both' \/>\n\t\t<\/div>\n\n","protected":false},"excerpt":{"rendered":"<p>Ici tu trouves des vid\u00e9ocast, des podcast, des illustrations et des liens. Tout pour \u00e9voquer le m\u00e9dia radiophonique et le sens de libert\u00e9 qui y habite&#8230; Cette rubrique pour nous documenter autour de l&rsquo;histoire de la radio en g\u00e9n\u00e9ral et des radio libres, pirates ou associatives en particulier. Il ne s&rsquo;agit que de lien identifi\u00e9 [&hellip;]<\/p>\n","protected":false},"author":3,"featured_media":0,"parent":3659,"menu_order":7,"comment_status":"open","ping_status":"open","template":"","meta":[],"_links":{"self":[{"href":"https:\/\/old.libradio.org\/index.php?rest_route=\/wp\/v2\/pages\/117"}],"collection":[{"href":"https:\/\/old.libradio.org\/index.php?rest_route=\/wp\/v2\/pages"}],"about":[{"href":"https:\/\/old.libradio.org\/index.php?rest_route=\/wp\/v2\/types\/page"}],"author":[{"embeddable":true,"href":"https:\/\/old.libradio.org\/index.php?rest_route=\/wp\/v2\/users\/3"}],"replies":[{"embeddable":true,"href":"https:\/\/old.libradio.org\/index.php?rest_route=%2Fwp%2Fv2%2Fcomments&post=117"}],"version-history":[{"count":62,"href":"https:\/\/old.libradio.org\/index.php?rest_route=\/wp\/v2\/pages\/117\/revisions"}],"predecessor-version":[{"id":3754,"href":"https:\/\/old.libradio.org\/index.php?rest_route=\/wp\/v2\/pages\/117\/revisions\/3754"}],"up":[{"embeddable":true,"href":"https:\/\/old.libradio.org\/index.php?rest_route=\/wp\/v2\/pages\/3659"}],"wp:attachment":[{"href":"https:\/\/old.libradio.org\/index.php?rest_route=%2Fwp%2Fv2%2Fmedia&parent=117"}],"curies":[{"name":"wp","href":"https:\/\/api.w.org\/{rel}","templated":true}]}}