{"id":12624,"date":"2022-08-14T09:46:08","date_gmt":"2022-08-14T08:46:08","guid":{"rendered":"https:\/\/old.libradio.org\/?page_id=12624"},"modified":"2022-08-14T09:46:08","modified_gmt":"2022-08-14T08:46:08","slug":"ria-d-les-podcasts","status":"publish","type":"page","link":"https:\/\/old.libradio.org\/?page_id=12624","title":{"rendered":"RIA-D, les podcasts!"},"content":{"rendered":"\n<p>Voici venu le temps des pav\u00e9s et des barricades,<\/p>\n\n\n\n<p>Apr\u00e8s notre exp\u00e9rience en anarchie, voici de quoi vous sustenter l&rsquo;esprit. Vous retrouvez ici les podcasts mijot\u00e9s par Libradio lors de la fin de semaine libertaire \u00e0 saint-imier, notamment les intervenantes et quelques chroniques. Il manque: le contenu des ateliers, qui prend un peu plus de temps \u00e0 \u00eatre mont\u00e9, ainsi que toute la journ\u00e9e du dimanche (mea culpa). Cette journ\u00e9e, bien que magnifique, signait un peu notre chant du signe, vous n&rsquo;avez donc pas perdu grand chose sauf: une minute Kramps (sur laquelle nous reviendront de toute fa\u00e7on) et une minute livresque. Mais! Bien entendu, l&rsquo;\u00e9quipe de libradio, tel un James Webb parcourant la foule, nous avons tout de m\u00eame le \u00ab\u00a0amazing\u00a0\u00bb concert de la chorale \u00e0 partager avec vous. Amour et Anarchie!<\/p>\n\n\n<div class=\"wp-block-image\">\n<figure class=\"aligncenter size-large\"><a href=\"https:\/\/old.libradio.org\/wp-content\/uploads\/2022\/08\/1erCongres.jpg\"><img decoding=\"async\" loading=\"lazy\" width=\"1024\" height=\"768\" src=\"https:\/\/old.libradio.org\/wp-content\/uploads\/2022\/08\/1erCongres-1024x768.jpg\" alt=\"\" class=\"wp-image-12626\" srcset=\"https:\/\/old.libradio.org\/wp-content\/uploads\/2022\/08\/1erCongres-1024x768.jpg 1024w, https:\/\/old.libradio.org\/wp-content\/uploads\/2022\/08\/1erCongres-300x225.jpg 300w, https:\/\/old.libradio.org\/wp-content\/uploads\/2022\/08\/1erCongres-768x576.jpg 768w, https:\/\/old.libradio.org\/wp-content\/uploads\/2022\/08\/1erCongres.jpg 1280w\" sizes=\"(max-width: 1024px) 100vw, 1024px\" \/><\/a><figcaption>Le premier congr\u00e8s de st-imier en 1872 s&rsquo;est tenu dans ces murs.<\/figcaption><\/figure><\/div>\n\n\n<hr class=\"wp-block-separator has-alpha-channel-opacity\"\/>\n\n\n\n<h3>Vendredi 29 juillet 2022<\/h3>\n\n\n\n<p><strong>La m\u00e9t\u00e9o du jour, propos\u00e9e par la F\u00e9d\u00e9ration Anarchiste France:<\/strong><\/p>\n\n\n\n<figure class=\"wp-block-audio\"><audio controls src=\"https:\/\/old.libradio.org\/wp-content\/uploads\/2022\/08\/072922-01meteoFA.mp3\"><\/audio><\/figure>\n\n\n\n<p><strong>Le programme du jour:<\/strong><\/p>\n\n\n\n<figure class=\"wp-block-audio\"><audio controls src=\"https:\/\/old.libradio.org\/wp-content\/uploads\/2022\/08\/072922-02progEvent.mp3\"><\/audio><figcaption><strong>La minute Kramps, VAIN Minutes 2009<\/strong>:<\/figcaption><\/figure>\n\n\n\n<figure class=\"wp-block-audio\"><audio controls src=\"https:\/\/old.libradio.org\/wp-content\/uploads\/2022\/08\/072922-03minuteKramps.mp3\"><\/audio><\/figure>\n\n\n<div class=\"wp-block-image\">\n<figure class=\"aligncenter size-large is-resized\"><a href=\"https:\/\/old.libradio.org\/wp-content\/uploads\/2022\/08\/DSC03075-scaled.jpg\"><img decoding=\"async\" loading=\"lazy\" src=\"https:\/\/old.libradio.org\/wp-content\/uploads\/2022\/08\/DSC03075-768x1024.jpg\" alt=\"\" class=\"wp-image-12632\" width=\"515\" height=\"687\" srcset=\"https:\/\/old.libradio.org\/wp-content\/uploads\/2022\/08\/DSC03075-768x1024.jpg 768w, https:\/\/old.libradio.org\/wp-content\/uploads\/2022\/08\/DSC03075-225x300.jpg 225w, https:\/\/old.libradio.org\/wp-content\/uploads\/2022\/08\/DSC03075-1152x1536.jpg 1152w, https:\/\/old.libradio.org\/wp-content\/uploads\/2022\/08\/DSC03075-1536x2048.jpg 1536w, https:\/\/old.libradio.org\/wp-content\/uploads\/2022\/08\/DSC03075-scaled.jpg 1920w\" sizes=\"(max-width: 515px) 100vw, 515px\" \/><\/a><figcaption>Parce qu&rsquo;on t&rsquo;aime et que tu seras toujours l\u00e0<\/figcaption><\/figure><\/div>\n\n\n<p><strong>Michel N\u00e9mitz pour le projet de CAVE (collectif audiovisuel d&rsquo;entraide):<\/strong><\/p>\n\n\n\n<figure class=\"wp-block-audio\"><audio controls src=\"https:\/\/old.libradio.org\/wp-content\/uploads\/2022\/08\/072922-04nemitz.mp3\"><\/audio><\/figure>\n\n\n\n<p>Si vous souhaitez soutenir le projet de la CAVE, voici toutes les infos n\u00e9cessaires:<\/p>\n\n\n\n<div class=\"is-vertical is-content-justification-center is-layout-flex wp-container-1 wp-block-group\">\n<p><em>CAVE, Coop\u00e9rative Audio Visuelle d\u2019Entraide, Soleil 9, 2302 La Chaux-de-Fonds<\/em><\/p>\n\n\n\n<p><em>Par bulletin de versement : ccp 14-257996-2<\/em><\/p>\n\n\n\n<p><em>Par virement IBAN : CH70 0900 0000 1425 7996 2<\/em><\/p>\n\n\n\n<p><em>BIC : POFICHBEXXX<\/em><\/p>\n\n\n\n<p><em>Avec la mention \u00ab Jura libertaire \u00bb<\/em><\/p>\n<\/div>\n\n\n\n<p><strong>La minute livreques, Normand Baillargeon, <em>L&rsquo;Ordre moins le pouvoir. Histoire et actualit\u00e9 de l&rsquo;anarchisme<\/em>, quatri\u00e8me \u00e9dition, Agone, 2008:<\/strong><\/p>\n\n\n\n<figure class=\"wp-block-audio\"><audio controls src=\"https:\/\/old.libradio.org\/wp-content\/uploads\/2022\/08\/072922-05minuteLivresque.mp3\"><\/audio><\/figure>\n\n\n\n<p><\/p>\n\n\n\n<p><strong>Soldat Parzival, M. LeVert, locuteur esp\u00e9rantiste:<\/strong><\/p>\n\n\n\n<figure class=\"wp-block-audio\"><audio controls src=\"https:\/\/old.libradio.org\/wp-content\/uploads\/2022\/08\/072922-06parzival.mp3\"><\/audio><\/figure>\n\n\n<div class=\"wp-block-image\">\n<figure class=\"aligncenter size-large is-resized\"><a href=\"https:\/\/old.libradio.org\/wp-content\/uploads\/2022\/08\/parzival.jpg\"><img decoding=\"async\" loading=\"lazy\" src=\"https:\/\/old.libradio.org\/wp-content\/uploads\/2022\/08\/parzival-1024x683.jpg\" alt=\"\" class=\"wp-image-12636\" width=\"643\" height=\"429\" srcset=\"https:\/\/old.libradio.org\/wp-content\/uploads\/2022\/08\/parzival-1024x683.jpg 1024w, https:\/\/old.libradio.org\/wp-content\/uploads\/2022\/08\/parzival-300x200.jpg 300w, https:\/\/old.libradio.org\/wp-content\/uploads\/2022\/08\/parzival-768x512.jpg 768w, https:\/\/old.libradio.org\/wp-content\/uploads\/2022\/08\/parzival-1536x1024.jpg 1536w, https:\/\/old.libradio.org\/wp-content\/uploads\/2022\/08\/parzival.jpg 1920w\" sizes=\"(max-width: 643px) 100vw, 643px\" \/><\/a><figcaption><a href=\"https:\/\/www.modelsoldato.com\/\" target=\"_blank\" rel=\"noreferrer noopener\">https:\/\/www.modelsoldato.com\/<\/a><\/figcaption><\/figure><\/div>\n\n\n<p><strong>Message de la Team Care:<\/strong><\/p>\n\n\n\n<figure class=\"wp-block-audio\"><audio controls src=\"https:\/\/old.libradio.org\/wp-content\/uploads\/2022\/08\/072922-07teamCare.mp3\"><\/audio><\/figure>\n\n\n\n<p><strong>L&rsquo;\u00e9dit&rsquo;heure avec Zanzara Ath\u00e9e:<\/strong><\/p>\n\n\n\n<figure class=\"wp-block-audio\"><audio controls src=\"https:\/\/old.libradio.org\/wp-content\/uploads\/2022\/08\/072922-08zanzaraAthee.mp3\"><\/audio><\/figure>\n\n\n\n<p>Retrouvez toutes les infos concernant ces publications sur <a href=\"https:\/\/infokiosques.net\/zanzara\" target=\"_blank\" rel=\"noreferrer noopener\">https:\/\/infokiosques.net\/zanzara<\/a> et vous pouvez \u00e9crire directement \u00e0 Zanzara par l\u00e0: zanzara@squat.net<\/p>\n\n\n\n<p><strong>L&rsquo;\u00e9quipe de Libradio discute \u00e9cologie et anarchie:<\/strong><\/p>\n\n\n\n<figure class=\"wp-block-audio\"><audio controls src=\"https:\/\/old.libradio.org\/wp-content\/uploads\/2022\/08\/072922-09debatEcologie.mp3\"><\/audio><\/figure>\n\n\n\n<hr class=\"wp-block-separator has-alpha-channel-opacity\"\/>\n\n\n\n<h3>Samedi 30 juillet 2022<\/h3>\n\n\n\n<p><strong>Le programme du jour<\/strong><\/p>\n\n\n\n<figure class=\"wp-block-audio\"><audio controls src=\"https:\/\/old.libradio.org\/wp-content\/uploads\/2022\/08\/073022-01progEvent.mp3\"><\/audio><\/figure>\n\n\n\n<p><strong>La minute Kramps, rentr\u00e9e sept-oct 2013:<\/strong><\/p>\n\n\n\n<figure class=\"wp-block-audio\"><audio controls src=\"https:\/\/old.libradio.org\/wp-content\/uploads\/2022\/08\/073022-02minuteKramps.mp3\"><\/audio><\/figure>\n\n\n\n<p><strong>La minute livresque:<\/strong> <strong><em>A l&rsquo;ombre des cabanes<\/em>, recueil de textes et dessins de zadistes<\/strong>:<\/p>\n\n\n\n<figure class=\"wp-block-audio\"><audio controls src=\"https:\/\/old.libradio.org\/wp-content\/uploads\/2022\/08\/073022-03minuteLivresque.mp3\"><\/audio><\/figure>\n\n\n<div class=\"wp-block-image\">\n<figure class=\"aligncenter size-large is-resized\"><a href=\"https:\/\/old.libradio.org\/wp-content\/uploads\/2022\/08\/zadColline.jpg\"><img decoding=\"async\" loading=\"lazy\" src=\"https:\/\/old.libradio.org\/wp-content\/uploads\/2022\/08\/zadColline-1024x683.jpg\" alt=\"\" class=\"wp-image-12651\" width=\"566\" height=\"377\" srcset=\"https:\/\/old.libradio.org\/wp-content\/uploads\/2022\/08\/zadColline-1024x683.jpg 1024w, https:\/\/old.libradio.org\/wp-content\/uploads\/2022\/08\/zadColline-300x200.jpg 300w, https:\/\/old.libradio.org\/wp-content\/uploads\/2022\/08\/zadColline-768x512.jpg 768w, https:\/\/old.libradio.org\/wp-content\/uploads\/2022\/08\/zadColline-1536x1024.jpg 1536w, https:\/\/old.libradio.org\/wp-content\/uploads\/2022\/08\/zadColline.jpg 1920w\" sizes=\"(max-width: 566px) 100vw, 566px\" \/><\/a><figcaption>ZAD de la Colline avant son \u00e9vacuation<\/figcaption><\/figure><\/div>\n\n\n<p><strong>L&rsquo;\u00e9dit&rsquo;heure avec Blanche pour Conf\u00e9d\u00e9ration Nationale du Travail (CNT) et ses \u00e9ditions:<\/strong><\/p>\n\n\n\n<figure class=\"wp-block-audio\"><audio controls src=\"https:\/\/old.libradio.org\/wp-content\/uploads\/2022\/08\/073022-04editionsCNT.mp3\"><\/audio><\/figure>\n\n\n\n<p><strong>Entretien avec Paolo et Dario pour la F\u00e9d\u00e9ration Anarchiste Italie:<\/strong><\/p>\n\n\n\n<figure class=\"wp-block-audio\"><audio controls src=\"https:\/\/old.libradio.org\/wp-content\/uploads\/2022\/08\/073022-05FAI.mp3\"><\/audio><\/figure>\n\n\n\n<p><strong>L&rsquo;\u00e9dit&rsquo;heure avec Nicolas qui nous pr\u00e9sente son livre <em>Que d\u00e9faire?<\/em> parut aux \u00e9ditions Le Monde \u00e0 l\u2019Envers:<\/strong><\/p>\n\n\n\n<figure class=\"wp-block-audio\"><audio controls src=\"https:\/\/old.libradio.org\/wp-content\/uploads\/2022\/08\/073022-06edMondeAlEnvers.mp3\"><\/audio><\/figure>\n\n\n\n<p><strong>La neutralit\u00e9 au sein du CICR avec Anouk<\/strong><\/p>\n\n\n\n<figure class=\"wp-block-audio\"><audio controls src=\"https:\/\/old.libradio.org\/wp-content\/uploads\/2022\/08\/073022-07neutraliteCICR.mp3\"><\/audio><\/figure>\n\n\n\n<hr class=\"wp-block-separator has-alpha-channel-opacity\"\/>\n\n\n\n<h3>Dimanche 31 juillet 2022<\/h3>\n\n\n\n<p><strong>Rien de plus, rien de moins, juste la rencontre des chorales dans toute sa splendeur:<\/strong><\/p>\n\n\n\n<figure class=\"wp-block-audio\"><audio controls src=\"https:\/\/old.libradio.org\/wp-content\/uploads\/2022\/08\/07312022-choraleTotal.mp3\"><\/audio><\/figure>\n\n\n<div class=\"wp-block-image\">\n<figure class=\"aligncenter size-large\"><a href=\"https:\/\/old.libradio.org\/wp-content\/uploads\/2022\/08\/chorale.jpg\"><img decoding=\"async\" loading=\"lazy\" width=\"1024\" height=\"768\" src=\"https:\/\/old.libradio.org\/wp-content\/uploads\/2022\/08\/chorale-1024x768.jpg\" alt=\"\" class=\"wp-image-12658\" srcset=\"https:\/\/old.libradio.org\/wp-content\/uploads\/2022\/08\/chorale-1024x768.jpg 1024w, https:\/\/old.libradio.org\/wp-content\/uploads\/2022\/08\/chorale-300x225.jpg 300w, https:\/\/old.libradio.org\/wp-content\/uploads\/2022\/08\/chorale-768x576.jpg 768w, https:\/\/old.libradio.org\/wp-content\/uploads\/2022\/08\/chorale.jpg 1280w\" sizes=\"(max-width: 1024px) 100vw, 1024px\" \/><\/a><figcaption>Chorales Antiautoritaires de Suisse Romande<\/figcaption><\/figure><\/div>\n\n\n<p>Voil\u00e0, c&rsquo;\u00e9tait incroyable et on esp\u00e8re que tout ceci vous permet de (re)vivre, ne serait-ce qu&rsquo;un peu du bonheur, de la rage et de l&rsquo;espoir qui nous ont habit\u00e9s durant ces quelques jours. Sur ce, \u00e0 l&rsquo;ann\u00e9e prochaine comp@s et d&rsquo;ici l\u00e0, encore et toujours, Amour et Anarchie!<\/p>\n","protected":false},"excerpt":{"rendered":"<p>Voici venu le temps des pav\u00e9s et des barricades, Apr\u00e8s notre exp\u00e9rience en anarchie, voici de quoi vous sustenter l&rsquo;esprit. Vous retrouvez ici les podcasts mijot\u00e9s par Libradio lors de la fin de semaine libertaire \u00e0 saint-imier, notamment les intervenantes et quelques chroniques. Il manque: le contenu des ateliers, qui prend un peu plus de [&hellip;]<\/p>\n","protected":false},"author":3,"featured_media":0,"parent":0,"menu_order":0,"comment_status":"closed","ping_status":"closed","template":"","meta":[],"_links":{"self":[{"href":"https:\/\/old.libradio.org\/index.php?rest_route=\/wp\/v2\/pages\/12624"}],"collection":[{"href":"https:\/\/old.libradio.org\/index.php?rest_route=\/wp\/v2\/pages"}],"about":[{"href":"https:\/\/old.libradio.org\/index.php?rest_route=\/wp\/v2\/types\/page"}],"author":[{"embeddable":true,"href":"https:\/\/old.libradio.org\/index.php?rest_route=\/wp\/v2\/users\/3"}],"replies":[{"embeddable":true,"href":"https:\/\/old.libradio.org\/index.php?rest_route=%2Fwp%2Fv2%2Fcomments&post=12624"}],"version-history":[{"count":24,"href":"https:\/\/old.libradio.org\/index.php?rest_route=\/wp\/v2\/pages\/12624\/revisions"}],"predecessor-version":[{"id":12672,"href":"https:\/\/old.libradio.org\/index.php?rest_route=\/wp\/v2\/pages\/12624\/revisions\/12672"}],"wp:attachment":[{"href":"https:\/\/old.libradio.org\/index.php?rest_route=%2Fwp%2Fv2%2Fmedia&parent=12624"}],"curies":[{"name":"wp","href":"https:\/\/api.w.org\/{rel}","templated":true}]}}