{"id":1494,"date":"2015-06-19T01:08:50","date_gmt":"2015-06-19T00:08:50","guid":{"rendered":"http:\/\/old.libradio.org\/?page_id=1494"},"modified":"2018-04-29T00:21:26","modified_gmt":"2018-04-28T23:21:26","slug":"radio-noctambule","status":"publish","type":"page","link":"https:\/\/old.libradio.org\/?page_id=1494","title":{"rendered":"Radio Prenons la Ville!"},"content":{"rendered":"<hr>\n<p>&nbsp;<br \/>\n<a href=\"https:\/\/old.libradio.org\/wp-content\/uploads\/2018\/04\/banderol1.1.png\"><img decoding=\"async\" loading=\"lazy\" src=\"https:\/\/old.libradio.org\/wp-content\/uploads\/2018\/04\/banderol1.1-300x192.png\" alt=\"\" width=\"300\" height=\"192\" class=\"aligncenter size-medium wp-image-4050\" srcset=\"https:\/\/old.libradio.org\/wp-content\/uploads\/2018\/04\/banderol1.1-300x192.png 300w, https:\/\/old.libradio.org\/wp-content\/uploads\/2018\/04\/banderol1.1-600x383.png 600w, https:\/\/old.libradio.org\/wp-content\/uploads\/2018\/04\/banderol1.1.png 748w\" sizes=\"(max-width: 300px) 100vw, 300px\" \/><\/a><br \/>\nLuttes urbaines et sociales. La justice sociale passe par la ville ouverte et inclusive. Les mouvement sociaux souvent s&rsquo;y d\u00e9ploient, l\u00e0 ou la gentrification repousse au loin les ouvri\u00e8res et les exploit\u00e9es. Les am\u00e9nagement ont cours depuis l&rsquo;aube de la ville dont il serait avis\u00e9 de reprendre le concept et sa signification. Pour commencer, est-ce l&rsquo;\u00c9tat qui cr\u00e9e la ville? l&rsquo;\u00c9tat sur la ville prend-il son assise? *<br \/>\n&nbsp;<br \/>\nQu&rsquo;en est-il de la strat\u00e9gie de s\u00e9duction et d&rsquo;attrait des administrations urbaines? Jardins suspendus et potagers urbains. Projets collaboratifs, participatifs; alors qu&rsquo;aux marges, les mobiliers urbains miment ceux carc\u00e9raux et que cam\u00e9ras et points de vue d\u00e9gag\u00e9s fl\u00e9chissent en direction du Panoptique.<br \/>\n&nbsp;<br \/>\n<a href=\"https:\/\/old.libradio.org\/wp-content\/uploads\/2018\/04\/mai1.jpg\"><img decoding=\"async\" loading=\"lazy\" src=\"https:\/\/old.libradio.org\/wp-content\/uploads\/2018\/04\/mai1-300x214.jpg\" alt=\"\" width=\"300\" height=\"214\" class=\"aligncenter size-medium wp-image-4047\" srcset=\"https:\/\/old.libradio.org\/wp-content\/uploads\/2018\/04\/mai1-300x214.jpg 300w, https:\/\/old.libradio.org\/wp-content\/uploads\/2018\/04\/mai1-768x549.jpg 768w, https:\/\/old.libradio.org\/wp-content\/uploads\/2018\/04\/mai1-1024x731.jpg 1024w, https:\/\/old.libradio.org\/wp-content\/uploads\/2018\/04\/mai1-600x429.jpg 600w\" sizes=\"(max-width: 300px) 100vw, 300px\" \/><\/a><br \/>\nDe Haussmann au Corbusier, que dissimulent les grands ensembles et les am\u00e9nagements urbains? Les plans sectoriels, les plans directeurs, les \u00e9quipements publics, les espaces verts. Des enjeux qui sugg\u00e8rent des postures. Des desseins qui avancent masqu\u00e9s et sous couvert d&rsquo;un certain mieux-vivre ensemble qui r\u00e9sonne comme une imposture au devant des d\u00e9cisions unilat\u00e9rales, de la densification des quartiers populaires et des opulents privil\u00e8ges des ghettos bourgeois&#8230;<br \/>\n&nbsp;<br \/>\nRadio \u00ab\u00a0Prenons la Vi(ll)e\u00a0\u00bb vient ajouter aux outils de d\u00e9cryptage et aux vell\u00e9it\u00e9s de luttes pour la justice sociale pour toutes et tous. L&rsquo;acc\u00e8s int\u00e9gral et bienveillant \u00e0 la ville passe par des lieux inclusifs et non-marchands. Les rues et les roues qui s&rsquo;y entrem\u00ealent. Les espaces et leur am\u00e9nagements. Les constructions et les lieux de d\u00e9lassement, d&rsquo;\u00e9changes, communs ou quoi, assign\u00e9s sans que les populations et usag\u00e8res n&rsquo;aient aucune prise sur leurs orientations et leurs r\u00e9alisations, ne sont selon nous ni hasardeux, ni anodins.<br \/>\n<a href=\"https:\/\/old.libradio.org\/wp-content\/uploads\/2018\/04\/zad_img2.jpg\"><img decoding=\"async\" loading=\"lazy\" src=\"https:\/\/old.libradio.org\/wp-content\/uploads\/2018\/04\/zad_img2-300x225.jpg\" alt=\"\" width=\"300\" height=\"225\" class=\"aligncenter size-medium wp-image-4052\" srcset=\"https:\/\/old.libradio.org\/wp-content\/uploads\/2018\/04\/zad_img2-300x225.jpg 300w, https:\/\/old.libradio.org\/wp-content\/uploads\/2018\/04\/zad_img2-768x576.jpg 768w, https:\/\/old.libradio.org\/wp-content\/uploads\/2018\/04\/zad_img2-600x450.jpg 600w, https:\/\/old.libradio.org\/wp-content\/uploads\/2018\/04\/zad_img2.jpg 800w\" sizes=\"(max-width: 300px) 100vw, 300px\" \/><\/a><br \/>\n&nbsp;<br \/>\n*In: \u00ab\u00a0introduction \u00e0 l&rsquo;Histoire de la Ville\u00a0\u00bb, Catherine Maumi, \u00e9cole nationale sup\u00e9rieure d&rsquo;architecture de Grenoble, <a href=\"https:\/\/old.libradio.org\/wp-content\/uploads\/2018\/04\/laville1.pdf\"><strong>TEXTE<\/strong><\/a>.<br \/>\n><strong><a href=\"http:\/\/www.ville-geneve.ch\/themes\/amenagement-construction-logement\/urbanisme-planification\/\" rel=\"noopener\" target=\"_blank\">Site<\/a><\/strong> de la ville de Geneve: urbanisme-planification.<br \/>\n&nbsp;<\/p>\n<ul>\n<li>Ce matin du samedi 28 avril 2018 \u00e0 10h, le Comit\u00e9 unitaire pour le droit \u00e0 la ville s&rsquo;est rendu devant le 40 rue de la Coulouvreni\u00e8re, b\u00e2timent vide depuis pr\u00e8s de 30 ans et aujourd&rsquo;hui entre les mains de Swisslife afin de le revendiquer pour le rendre \u00e0 la population.<br \/>\n<a href=\"https:\/\/old.libradio.org\/wp-content\/uploads\/2018\/04\/40coulou3.jpg\"><img decoding=\"async\" loading=\"lazy\" src=\"https:\/\/old.libradio.org\/wp-content\/uploads\/2018\/04\/40coulou3-300x157.jpg\" alt=\"\" width=\"300\" height=\"157\" class=\"aligncenter size-medium wp-image-4066\" srcset=\"https:\/\/old.libradio.org\/wp-content\/uploads\/2018\/04\/40coulou3-300x157.jpg 300w, https:\/\/old.libradio.org\/wp-content\/uploads\/2018\/04\/40coulou3-768x401.jpg 768w, https:\/\/old.libradio.org\/wp-content\/uploads\/2018\/04\/40coulou3-600x313.jpg 600w, https:\/\/old.libradio.org\/wp-content\/uploads\/2018\/04\/40coulou3.jpg 870w\" sizes=\"(max-width: 300px) 100vw, 300px\" \/><\/a><br \/>\nNous avons fait face \u00e0 une immense plaque blind\u00e9e destin\u00e9e \u00e0 emp\u00eacher l&rsquo;acc\u00e8s au b\u00e2timent afin de le maintenir dans les mains des pires sp\u00e9culateurs. <strong><a href=\"http:\/\/audioblog.arteradio.com\/post\/3085305\/prenons_la_ville_a_la_coulou_\/\" rel=\"noopener\" target=\"_blank\">PODCAST<\/a><\/strong>.<\/p>\n<hr>\n<li>24.04.2018 Universit\u00e9 Ouvri\u00e8re de Gen\u00e8ve. Conf\u00e9rence: \u00ab\u00a0La lutte pour le droit \u00e0 la ville hier et aujourd&rsquo;hui\u00a0\u00bb. Organis\u00e9e par l&rsquo;Atelier Histoire en mouvement et la CUAE. <strong><a href=\"http:\/\/audioblog.arteradio.com\/post\/3085259\/lutte_pour_le_droit_a_la_ville_\/\" rel=\"noopener\" target=\"_blank\">PODCAST<\/a><\/strong>.<\/li>\n<p>Orateurs: Morten Gisselbaek, architecte engag\u00e9 et Luca Pattaroni, sociologue \u00e0 l&rsquo;EPFL.\n<\/ul>\n<ul>\n<hr>\n<p>Ci-dessous les captations des trois manifestations organis\u00e9es par le Comit\u00e9 unitaire pour le droit \u00e0 la ville. 1er juillet, 7 octobre 2017 et le 17 mars 2018 r\u00e9unissant plusieurs milliers de personnes.<\/ul>\n<ul>\n<li>Manif du 17 mars 2018. <strong><a href=\"http:\/\/audioblog.arteradio.com\/post\/3084470\/prenons_la_ville_manif_a_geneve_\/\" rel=\"noopener\" target=\"_blank\">PODCAST<\/a><\/strong> | <strong><a href=\"http:\/\/audioblog.arteradio.com\/post\/3084543\/giga_manif__post-scriptum\/\" rel=\"noopener\" target=\"_blank\">POST-SCRIPTUM<\/a><\/strong>.<\/li>\n<hr>\n<li>La Monstrueuse Manifestation du 01 juillet 2017 avec, notamment:<br \/>\n&#8211; Les Habitants et Habitantes du monde<br \/>\n&#8211; Les Habitant\u00b7e\u00b7s de Malagnou<br \/>\n&#8211; Pablo Cruchon (Solidarit\u00e9s)<br \/>\n&#8211; Caroline Marti (PS)<br \/>\n&#8211; Sarah Klopmann (Verts)<br \/>\n&#8211; Sans Retour, No Bunkers, ASLOCA et autres amis. <strong><a href=\"http:\/\/audioblog.arteradio.com\/post\/3079986\/la_monstrueuse_manifestation\/\" rel=\"noopener\" target=\"_blank\">PODCAST<\/a><\/strong>.<\/li>\n<hr>\n<li>1 mai 2017 \u00e0 Gen\u00e8ve depuis le bloc f\u00e9ministe r\u00e9volutionnaire. <strong><a href=\"http:\/\/audioblog.arteradio.com\/post\/3078277\/premier_mai_2017_a_geneve__bloc_feministe_revolutionnaire__part_1\/\" rel=\"noopener\" target=\"_blank\">Premi\u00e8re partie<\/a>| <a href=\"http:\/\/audioblog.arteradio.com\/post\/3078404\/premier_mai_2017_a_geneve__bloc_feministe_revolutionnaire__part__2\/\" rel=\"noopener\" target=\"_blank\">Deuxi\u00e8me partie<\/a><\/strong>.<\/li>\n<hr>\n<li>Marche Nocturne pour des F\u00e9minismes R\u00e9volutionnaires, l&rsquo;acc\u00e8s et les d\u00e9ambulations \u00e9mancip\u00e9es en ville.<br \/>\nEntre 750 et 1000 manifestantes f\u00e9ministes \u00e0 travers les rues de Gen\u00e8ve dansent et chantent pour dire stop aux sexismes, aux discriminations et \u00e0 toute forme d&rsquo;invisibilisation. <strong><a href=\"http:\/\/audioblog.arteradio.com\/post\/3084099\/marche_du_8_mars_2018\/\" rel=\"noopener\" target=\"_blank\">PODCAST<\/a><\/strong>.<\/li>\n<p>Merci et bravo au GAF (Groupe Autonome F\u00e9ministe) pour la coordination!<br \/>\nTremblez, on est organis\u00e9es!<\/p>\n<hr>\n<li>Figures du Contre-pouvoir \u00e0 Gen\u00e8ve. Captations le long de l&rsquo;itin\u00e9raire historique qui s?arr\u00eatera sur diverses traces fortes de l?affirmation ouvri\u00e8re et du contre-pouvoir \u00e0 Gen\u00e8ve. Charles Heimberg, professeur \u00e0 l?Universit\u00e9 de Gen\u00e8ve et historien du mouvement ouvrier, et Georges Tissot, ancien secr\u00e9taire syndical et vice-pr\u00e9sident de l&rsquo;U.O.G. L&rsquo;Universit\u00e9 Ouvri\u00e8re de Gen\u00e8ve. <strong><a href=\"http:\/\/audioblog.arteradio.com\/post\/3081891\/figures_du_contre-pouvoir__geneve_i\/\" rel=\"noopener\" target=\"_blank\">PART.1<\/a>|<a href=\"http:\/\/audioblog.arteradio.com\/post\/3081892\/figures_du_contre-pouvoir__geneve_2\/\" rel=\"noopener\" target=\"_blank\">PART.2<\/a>|<a href=\"http:\/\/audioblog.arteradio.com\/post\/3081893\/figures_du_contre-pouvoir__geneve_3\/\" rel=\"noopener\" target=\"_blank\">PART.3<\/a>|<a href=\"http:\/\/audioblog.arteradio.com\/post\/3081894\/figures_du_contre-pouvoir__geneve_4\/\" rel=\"noopener\" target=\"_blank\">PART.4<\/a>|<a href=\"http:\/\/audioblog.arteradio.com\/post\/3081895\/figures_du_contre-pouvoir__geneve_5\/\" rel=\"noopener\" target=\"_blank\">PART.5<\/a><\/strong><\/li>\n<hr>\n<li>\u00c9mission du 10.02.2018, en direct et en public depuis le Studio 99 \u00e0 Gen\u00e8ve.<br \/>\nUn mois entier sans supermarch\u00e9. C&rsquo;est le d\u00e9fi qui pour sa deuxi\u00e8me \u00e9dition essaime en Suisse romande et dans toute la France courant f\u00e9vrier. Initi\u00e9 par L\u00e9a Candaux Estevez et appuy\u00e9 par les associations \u00ab\u00a0En Vert et Contre Tout\u00a0\u00bb, \u00a0\u00bb ArboLife\u00a0\u00bb et \u00ab\u00a0Le Bocal local\u00a0\u00bb. <strong><a href=\"http:\/\/audioblog.arteradio.com\/post\/3083605\/fevrier_sans_supermarche_\/\" rel=\"noopener\" target=\"_blank\">PODCAST<\/a><\/strong>.<\/li>\n<hr>\n<li>\u00c9mission du 10.02.2018, en direct et en public depuis le Studio 99 \u00e0 Gen\u00e8ve.<br \/>\nMirjam Bersier et Florian Candelieri jardinier\u00b7e\u00b7s-utopistes victimes de la criminalisation tous azimut qui r\u00e8gne sont condamn\u00e9\u00b7e\u00b7s pour jardinage abusif sur une micro parcelle de 8m carr\u00e9. <strong><a href=\"http:\/\/audioblog.arteradio.com\/post\/3083604\/le_jardin_de_la_discorde\/\" rel=\"noopener\" target=\"_blank\">PODCAST<\/a><\/strong>.<\/li>\n<hr>\n<li>Parcours critique de d\u00e9cryptage des panneaux publicitaires dans les rues de Gen\u00e8ve le 25.11.2017. <strong><a href=\"http:\/\/audioblog.arteradio.com\/post\/3082706\/balade_decryptage_des_pubs_geneve-1\/\" rel=\"noopener\" target=\"_blank\">Premi\u00e8re partie<\/a><\/strong>. <strong><a href=\"http:\/\/audioblog.arteradio.com\/post\/3082707\/balade_decryptage_des_pubs_geneve-2\/\" rel=\"noopener\" target=\"_blank\">Deuxi\u00e8me partie<\/a><\/strong>. Par Le GLIP (Gen\u00e8ve Lib\u00e9r\u00e9e de l\u2019Invasion Publicitaire)<\/li>\n<hr>\n<li> Transnationales, la route de la honte. Cheminement au gr\u00e9 des funestes transnationales \u00e0 Gen\u00e8ve. Zones d&rsquo;ombres, montages financiers, gestions occultes et imp\u00f4ts t\u00e9nus voir inexistant. C&rsquo;est le monde enchant\u00e9 des transnationales et de leurs complices. <strong><a href=\"http:\/\/audioblog.arteradio.com\/post\/3081735\/transnationales_route_de_la_honte_1\/\" rel=\"noopener\" target=\"_blank\">Partie 1<\/a>|<a href=\"http:\/\/audioblog.arteradio.com\/post\/3081736\/transnationales_route_de_la_honte_2\/\" rel=\"noopener\" target=\"_blank\">Partie 2<\/a><\/strong><\/li>\n<hr>\n<li>Le GLIP-Gen\u00e8ve, \u00ab\u00a0Gen\u00e8ve lib\u00e9r\u00e9e de l&rsquo;invasion publicitaire\u00a0\u00bb revient sur une campagne pour le moins ambigu\u00eb et r\u00e9v\u00e9latrice des m\u00e9faits de la publicit\u00e9. <strong><a href=\"http:\/\/audioblog.arteradio.com\/post\/3081210\/g_l_i_p__partie_1\/\" rel=\"noopener\" target=\"_blank\">Premi\u00e8re partie<\/a>|<a href=\"http:\/\/audioblog.arteradio.com\/post\/3081211\/g_l_i_p__partie_2\/\" rel=\"noopener\" target=\"_blank\">Deuxi\u00e8me partie<\/a><\/strong>.www.antipub.ch\/glip<br \/>\n<hr>\n<li>Entretien avec Jos\u00e9 Lillo membre du collectif \u00ab\u00a0Touchez pas au Plaza\u00a0\u00bb. Alors que la valeur patrimoniale et culturelle du cin\u00e9ma Plaza en plein c\u0153ur de Gen\u00e8ve est incontestable, le propri\u00e9taire n&rsquo;en a cure. C&rsquo;est un parking qui devrait surgir c\u00e9ans! Ou bien?! <strong><a href=\"http:\/\/audioblog.arteradio.com\/post\/3080880\/sauvons_le_cinema_plaza_a_geneve_\/\" rel=\"noopener\" target=\"_blank\">PODCAST<\/a><\/strong>.<\/li>\n<hr>\n<li>Andr\u00e9 B\u00f6siger, n\u00e9 le 22 juillet 1913 \u00e0 Perrefitte ; mort \u00e0 Gen\u00e8ve le 13 avril 2005 est un syndicaliste anarchiste suisse. Militant de la Ligue d&rsquo;Action du B\u00e2timent \u00e0 Gen\u00e8ve, il collabore au R\u00e9veil anarchiste et au Centre International de Recherches sur l&rsquo;Anarchisme \u00e0 Lausanne. T\u00e9moignages d&rsquo;anciens apprentis. <strong><a href=\"http:\/\/audioblog.arteradio.com\/post\/3076677\/andre_bosiger__souvenirs_d_un_rebelle__part__i\/\" target=\"_blank\">PART.1-45&prime;<\/a><\/strong>|<strong><a href=\"http:\/\/audioblog.arteradio.com\/post\/3076678\/andre_bosiger__souvenirs_d_un_rebelle__part__ii\/\" target=\"_blank\">PART.2-30&prime;<\/a><\/strong><\/li>\n<hr>\n<li>Squat de l&rsquo;Achoppe \u00e0 Montr\u00e9al-<strong><a href=\"http:\/\/audioblog.arteradio.com\/post\/3075670\/squat_de_l_achoppe_a_montreal-1ere_partie\/\" target=\"_blank\">1\u00e8re partie 41:41<\/a><\/strong> | <strong><a href=\"http:\/\/audioblog.arteradio.com\/post\/3075679\/squat_de_l_achoppe_a_montreal-2eme_partie_\/\" target=\"_blank\">2\u00e8me partie 26:23<\/a><\/strong><br \/>\nSquat Qu\u00e9b\u00e9cois menac\u00e9, les habitants organisent une tourn\u00e9e de soutien dans divers lieux solidaires \u00e0 Gen\u00e8ve.<\/li>\n<hr>\n<li>Pierre, membre du R\u00e9seau des Objecteurs de Croissance et ancien d\u00e9l\u00e9gu\u00e9 de la F\u00e9d\u00e9ration des Soci\u00e9t\u00e9s de Croix-Rouge, nous parle de son exp\u00e9rience du Freeganisme; r\u00e9colte de d\u00e9chets alimentaires comestibles dans les poubelles des supermarch\u00e9s. <strong><a href=\"http:\/\/audioblog.arteradio.com\/post\/3075757\/freeganisme_et_objection_de_croissance\/\" target=\"_blank\">Freeganisme et objection de croissance<\/a><\/strong>.<\/li>\n<hr>\n<li>Radio Entretien lors du festival \u00ab\u00a0Les Sanculotides\u00a0\u00bb, le 23.12.2016. R\u00e9cup\u00e9ration de d\u00e9chets alimentaires comestibles et r\u00e9pression. Dur\u00e9e 35&prime;-<strong><a href=\"http:\/\/audioblog.arteradio.com\/post\/3075274\/freeganisme_et_repression\/\" target=\"_blank\">Freeganisme et R\u00e9pression<\/a><\/strong>.<\/li>\n<p>&nbsp;<br \/>\n&nbsp;<br \/>\n&nbsp;<br \/>\n&nbsp;<br \/>\n<strong>[\u00c9mission Pilote le dimanche 02 ao\u00fbt 01h-03h]<\/strong><br \/>\n<a href=\"https:\/\/old.libradio.org\/wp-content\/uploads\/2015\/06\/libradionoctambule4.jpg\"><img decoding=\"async\" loading=\"lazy\" src=\"https:\/\/old.libradio.org\/wp-content\/uploads\/2015\/06\/libradionoctambule4-1024x580.jpg\" alt=\"libradionoctambule4\" width=\"750\" height=\"425\" class=\"alignleft size-large wp-image-1497\" srcset=\"https:\/\/old.libradio.org\/wp-content\/uploads\/2015\/06\/libradionoctambule4-1024x580.jpg 1024w, https:\/\/old.libradio.org\/wp-content\/uploads\/2015\/06\/libradionoctambule4-300x170.jpg 300w, https:\/\/old.libradio.org\/wp-content\/uploads\/2015\/06\/libradionoctambule4-600x340.jpg 600w, https:\/\/old.libradio.org\/wp-content\/uploads\/2015\/06\/libradionoctambule4.jpg 1080w\" sizes=\"(max-width: 750px) 100vw, 750px\" \/><\/a><\/p>\n<li><strong>LibrAdio Noctambule<\/strong><br \/>\n\u00ab\u00a0Pandores et pancrace\u00a0; les Capsules intemporelles.\u00a0\u00bb\n<\/li>\n<p>Par les poin\u00e7onneurs de l&rsquo; hallali <\/li>\n<hr>\n<p>Ancien libell\u00e9 de la page: Radio Noctambr\u00fble.<\/p>\n<hr>\n<p>La nuit porte conseil. Et nous ferions mieux de les suivre. Quitter les vielles praxis humiliante des temps pass\u00e9s. Puisque l&rsquo;on n&rsquo;attend aucun grand soir, recouvrons nos petits matins. Pourvu qu&rsquo;il combinent et accouchent d&rsquo;aubes \u00e9clair\u00e9es. Radio Noctambr\u00fble m\u00eale la nuit de la s\u00e9dition. Et n&rsquo;en doute pas, si la route est longue, l&rsquo;on est ardent\u00b7e\u00b7x\u00b7s \u00e0 la t\u00e9nacit\u00e9!<br \/>\n&nbsp;<br \/>\nUne rubrique singuli\u00e8re qui prend le relais et passe le t\u00e9moin. Des sons, tes textes et des interpr\u00e9tations tous azimuts sont ici requis sous leur expressions les plus radicalement libres.<br \/>\nDe quelques secondes \u00e0 plusieurs minutes\u00a0; compose un texte, \u00e9nonce un son, fais des bruits, garde le silence et que sais-je\u00a0encore&#8230;<br \/>\n&nbsp;<a href=\"https:\/\/old.libradio.org\/wp-content\/uploads\/2015\/06\/poin\u00e7onvisuDef3.jpg\"><img decoding=\"async\" loading=\"lazy\" src=\"https:\/\/old.libradio.org\/wp-content\/uploads\/2015\/06\/poin\u00e7onvisuDef3-300x271.jpg\" alt=\"poin\u00e7onvisuDef3\" width=\"300\" height=\"271\" class=\"alignleft size-medium wp-image-1524\" srcset=\"https:\/\/old.libradio.org\/wp-content\/uploads\/2015\/06\/poin\u00e7onvisuDef3-300x271.jpg 300w, https:\/\/old.libradio.org\/wp-content\/uploads\/2015\/06\/poin\u00e7onvisuDef3.jpg 305w\" sizes=\"(max-width: 300px) 100vw, 300px\" \/><\/a><br \/>\nConfectionne ton vecteur temporel\u00a0! \u00c9jecte ta capsule sonore au devant de la post\u00e9rit\u00e9\u00a0! LibrAdio recueille, en format mp3, par mail ou sur des supports usb, papier ou quoi; une et plusieurs parmi tes cr\u00e9ations originales.<br \/>\n&nbsp;<br \/>\nDu t\u00e9moignage de notre temps\u00a0; marqueur al\u00e9atoire de lignes en perp\u00e9tuelles mouvement, aux curseurs de nos \u00e9pist\u00e8nes soci\u00e9taux\u00a0; livre toi en vrac et selon ta fantaisie irr\u00e9v\u00e9rencieuse et iconoclaste. N&rsquo;en seront exclus que les propos injurieux, disqualifiant ou  hi\u00e9rarchisant.<br \/>\n&nbsp;<br \/>\nTout le reste sera radio-retransmis lors de l&rsquo;\u00e9mission:\u00a0\u00ab\u00a0LibrAdio Noctambule\u00a0\u00bb.<br \/>\nNi le temps, ni l&rsquo;histoire ni la g\u00e9ographie des nomenclatures n&rsquo;ont cours. Voici des poin\u00e7ons conceptuels au dessein de piquer l&rsquo;inertie et ta curiosit\u00e9. Bien entendu n&rsquo;en tiens aucun compte. C&rsquo;est \u00e0 ton \u00e9piphanie que l&rsquo;on  aspire. Cr\u00e9e furieusement et sois attentatoire\u00a0!<br \/>\n&nbsp;<br \/>\nou alors; saisi ton t\u00e9l\u00e9phone et contemple la nuit avec nous; au gr\u00e9 des mots \u00e9chang\u00e9s ou simplement \u00e9nonc\u00e9s \u00e0 l&rsquo;antenne. Prend la parole et conte nous ton introspection, tes bonheurs ou tes maux, apais\u00e9s ou cinglants. L&rsquo;on se rencontre en pens\u00e9e, en empathies et sans autres relais que nos voix. 077.420.62.04 En direct \u00e0 l&rsquo;antenne, d\u00e8s le d\u00e9but de l&rsquo;\u00e9mission.<br \/>\n&nbsp;<br \/>\n<a href=\"https:\/\/old.libradio.org\/wp-content\/uploads\/2015\/06\/poin\u00e7onvisuDef4.png\"><img decoding=\"async\" loading=\"lazy\" src=\"https:\/\/old.libradio.org\/wp-content\/uploads\/2015\/06\/poin\u00e7onvisuDef4-300x271.png\" alt=\"poin\u00e7onvisuDef4\" width=\"300\" height=\"271\" class=\"alignright size-medium wp-image-1525\" srcset=\"https:\/\/old.libradio.org\/wp-content\/uploads\/2015\/06\/poin\u00e7onvisuDef4-300x271.png 300w, https:\/\/old.libradio.org\/wp-content\/uploads\/2015\/06\/poin\u00e7onvisuDef4.png 305w\" sizes=\"(max-width: 300px) 100vw, 300px\" \/><\/a><br \/>\n>Quelques poin\u00e7ons \u00e0 ficher au dos des raisons.<br \/>\n&nbsp;<br \/>\nLa Nuit-la Rupture-la D\u00e9lation-la Trahison-l&rsquo;Indolence-le Suicide-l&rsquo;Exil-la Maladie-la Mort-la Vacuit\u00e9-l&rsquo;Absence-la Douleur-le Disparition-le Syndrome du Lock-in-la Souffrance-l&rsquo;Enfermement-la Folie-l&rsquo;\u00c9garement-la Dystopie, &#8230;<br \/>\netc..+th\u00e8mes libres<br \/>\n&nbsp;<br \/>\nLes contributions sont \u00e0 envoyer soit par mail: noctambule@libradio.org soit par courrier \u00e0 l&rsquo;adresse mail:<br \/>\ninfo@libradio.org<br \/>\nLES DOCUMENTS UTILIS\u00c9S OU NON, NE SONT PAS RETOURN\u00c9S!<br \/>\n&nbsp;<\/p>\n<hr>\n<p>&nbsp;<\/p>\n","protected":false},"excerpt":{"rendered":"<p>&nbsp; Luttes urbaines et sociales. La justice sociale passe par la ville ouverte et inclusive. Les mouvement sociaux souvent s&rsquo;y d\u00e9ploient, l\u00e0 ou la gentrification repousse au loin les ouvri\u00e8res et les exploit\u00e9es. Les am\u00e9nagement ont cours depuis l&rsquo;aube de la ville dont il serait avis\u00e9 de reprendre le concept et sa signification. Pour commencer, [&hellip;]<\/p>\n","protected":false},"author":2,"featured_media":1497,"parent":3689,"menu_order":10,"comment_status":"open","ping_status":"open","template":"","meta":[],"_links":{"self":[{"href":"https:\/\/old.libradio.org\/index.php?rest_route=\/wp\/v2\/pages\/1494"}],"collection":[{"href":"https:\/\/old.libradio.org\/index.php?rest_route=\/wp\/v2\/pages"}],"about":[{"href":"https:\/\/old.libradio.org\/index.php?rest_route=\/wp\/v2\/types\/page"}],"author":[{"embeddable":true,"href":"https:\/\/old.libradio.org\/index.php?rest_route=\/wp\/v2\/users\/2"}],"replies":[{"embeddable":true,"href":"https:\/\/old.libradio.org\/index.php?rest_route=%2Fwp%2Fv2%2Fcomments&post=1494"}],"version-history":[{"count":62,"href":"https:\/\/old.libradio.org\/index.php?rest_route=\/wp\/v2\/pages\/1494\/revisions"}],"predecessor-version":[{"id":4067,"href":"https:\/\/old.libradio.org\/index.php?rest_route=\/wp\/v2\/pages\/1494\/revisions\/4067"}],"up":[{"embeddable":true,"href":"https:\/\/old.libradio.org\/index.php?rest_route=\/wp\/v2\/pages\/3689"}],"wp:featuredmedia":[{"embeddable":true,"href":"https:\/\/old.libradio.org\/index.php?rest_route=\/wp\/v2\/media\/1497"}],"wp:attachment":[{"href":"https:\/\/old.libradio.org\/index.php?rest_route=%2Fwp%2Fv2%2Fmedia&parent=1494"}],"curies":[{"name":"wp","href":"https:\/\/api.w.org\/{rel}","templated":true}]}}