{"id":3659,"date":"2018-02-18T04:02:37","date_gmt":"2018-02-18T03:02:37","guid":{"rendered":"http:\/\/old.libradio.org\/?page_id=3659"},"modified":"2018-02-26T03:34:51","modified_gmt":"2018-02-26T02:34:51","slug":"le-reste","status":"publish","type":"page","link":"https:\/\/old.libradio.org\/?page_id=3659","title":{"rendered":"<li><strong>LE RESTE<\/li><\/strong>"},"content":{"rendered":"<p>Des rubriques diverses pour mettre en valeur le m\u00e9dia radiophonique, ses postures, ses r\u00f4les et ses desseins.<\/p>\n<hr>\n<p>1)Soutiens LibrAdio! rejoins la gangue!<br \/>\n2)Les Complices. Ami\u00b7e\u00b7x\u00b7s et alli\u00e9\u00b7e\u00b7x\u00b7s<br \/>\n3)LibrAdio? Qui sont-iels?<br \/>\n4)Archives des flyers, non exhaustif mais quand m\u00eame.<br \/>\n5)Quelques audio-livres, projet tout juste initi\u00e9&#8230;<br \/>\n6)Discours radiophoniques, quelques voix et quelques id\u00e9es.<br \/>\n7)Ressources audio-visuelles, perles et p\u00e9pites.<br \/>\n&nbsp;<br \/>\nVise la colonne de droite ><\/p>\n<hr>\n<p>Suggestions? info@libradio.org<\/p>\n<hr>\n<p>&nbsp;<br \/>\n&nbsp;<\/p>\n","protected":false},"excerpt":{"rendered":"<p>Des rubriques diverses pour mettre en valeur le m\u00e9dia radiophonique, ses postures, ses r\u00f4les et ses desseins. 1)Soutiens LibrAdio! rejoins la gangue! 2)Les Complices. Ami\u00b7e\u00b7x\u00b7s et alli\u00e9\u00b7e\u00b7x\u00b7s 3)LibrAdio? Qui sont-iels? 4)Archives des flyers, non exhaustif mais quand m\u00eame. 5)Quelques audio-livres, projet tout juste initi\u00e9&#8230; 6)Discours radiophoniques, quelques voix et quelques id\u00e9es. 7)Ressources audio-visuelles, perles et [&hellip;]<\/p>\n","protected":false},"author":2,"featured_media":0,"parent":0,"menu_order":24,"comment_status":"open","ping_status":"open","template":"","meta":[],"_links":{"self":[{"href":"https:\/\/old.libradio.org\/index.php?rest_route=\/wp\/v2\/pages\/3659"}],"collection":[{"href":"https:\/\/old.libradio.org\/index.php?rest_route=\/wp\/v2\/pages"}],"about":[{"href":"https:\/\/old.libradio.org\/index.php?rest_route=\/wp\/v2\/types\/page"}],"author":[{"embeddable":true,"href":"https:\/\/old.libradio.org\/index.php?rest_route=\/wp\/v2\/users\/2"}],"replies":[{"embeddable":true,"href":"https:\/\/old.libradio.org\/index.php?rest_route=%2Fwp%2Fv2%2Fcomments&post=3659"}],"version-history":[{"count":9,"href":"https:\/\/old.libradio.org\/index.php?rest_route=\/wp\/v2\/pages\/3659\/revisions"}],"predecessor-version":[{"id":3747,"href":"https:\/\/old.libradio.org\/index.php?rest_route=\/wp\/v2\/pages\/3659\/revisions\/3747"}],"wp:attachment":[{"href":"https:\/\/old.libradio.org\/index.php?rest_route=%2Fwp%2Fv2%2Fmedia&parent=3659"}],"curies":[{"name":"wp","href":"https:\/\/api.w.org\/{rel}","templated":true}]}}