{"id":3683,"date":"2018-02-18T04:36:18","date_gmt":"2018-02-18T03:36:18","guid":{"rendered":"http:\/\/old.libradio.org\/?page_id=3683"},"modified":"2018-03-08T00:53:34","modified_gmt":"2018-03-07T23:53:34","slug":"_les-podcast","status":"publish","type":"page","link":"https:\/\/old.libradio.org\/?page_id=3683","title":{"rendered":"<li><strong>LES PODCAST<\/li><\/strong>"},"content":{"rendered":"<p><a href=\"https:\/\/old.libradio.org\/wp-content\/uploads\/2018\/02\/pop1.png\"><img decoding=\"async\" loading=\"lazy\" src=\"https:\/\/old.libradio.org\/wp-content\/uploads\/2018\/02\/pop1-300x141.png\" alt=\"pop1\" width=\"300\" height=\"141\" class=\"aligncenter size-medium wp-image-3775\" srcset=\"https:\/\/old.libradio.org\/wp-content\/uploads\/2018\/02\/pop1-300x141.png 300w, https:\/\/old.libradio.org\/wp-content\/uploads\/2018\/02\/pop1.png 492w\" sizes=\"(max-width: 300px) 100vw, 300px\" \/><\/a><\/p>\n<hr>\n<p>Les podcast de libradio. \u00c9coutables et t\u00e9l\u00e9chargeables librement. Ni copyright nor copyleft. Recopie everywhere! Usages p\u00e9dagogiques recommand\u00e9s. Un grand merci si tu nous le signale pour que nous relayions le fait.<\/p>\n<p>Contact-Question: info@libradio.org<\/p>\n<hr>\n<ul>\n<li><a href=\"https:\/\/old.libradio.org\/?page_id=40\" target=\"_blank\"><strong>Podcast 2014<\/strong><\/a><\/li>\n<li><strong><a href=\"https:\/\/old.libradio.org\/?page_id=37\" target=\"_blank\">Podcast 2015<\/a><\/strong><\/li>\n<li><strong><a href=\"https:\/\/old.libradio.org\/?page_id=1981\" target=\"_blank\">Podcast 2016<\/a><\/strong><\/li>\n<li><strong><a href=\"https:\/\/old.libradio.org\/?page_id=2912\" target=\"_blank\">Podcast 2017<\/a><\/strong><\/li>\n<li><strong><a href=\"https:\/\/old.libradio.org\/?page_id=3473\" target=\"_blank\">Podcast 2018<\/a><\/strong><\/li>\n<\/ul>\n<p>&nbsp;<br \/>\n<a href=\"https:\/\/old.libradio.org\/wp-content\/uploads\/2018\/02\/popopo.png\"><img decoding=\"async\" loading=\"lazy\" src=\"https:\/\/old.libradio.org\/wp-content\/uploads\/2018\/02\/popopo-300x216.png\" alt=\"popopo\" width=\"300\" height=\"216\" class=\"aligncenter size-medium wp-image-3778\" srcset=\"https:\/\/old.libradio.org\/wp-content\/uploads\/2018\/02\/popopo-300x216.png 300w, https:\/\/old.libradio.org\/wp-content\/uploads\/2018\/02\/popopo.png 526w\" sizes=\"(max-width: 300px) 100vw, 300px\" \/><\/a><\/p>\n<p>&nbsp;<br \/>\nClique sur l&rsquo;ann\u00e9e ou vise la colonne de droite ><\/p>\n<hr>\n<p>L&rsquo;audio-blog mis \u00e0 jour perp\u00e9tuellement:<strong> <a href=\"http:\/\/audioblog.arteradio.com\/blog\/3047584\/libradio\/\" target=\"_blank\"><font size=\"6\">ICI<\/a><\/strong><\/font><br \/>\n&nbsp;<br \/>\n&nbsp;<\/p>\n<p><a href=\"https:\/\/old.libradio.org\/wp-content\/uploads\/2018\/02\/libraboite2.jpg\"><img decoding=\"async\" loading=\"lazy\" src=\"https:\/\/old.libradio.org\/wp-content\/uploads\/2018\/02\/libraboite2-300x120.jpg\" alt=\"libraboite2\" width=\"300\" height=\"120\" class=\"aligncenter size-medium wp-image-3777\" srcset=\"https:\/\/old.libradio.org\/wp-content\/uploads\/2018\/02\/libraboite2-300x120.jpg 300w, https:\/\/old.libradio.org\/wp-content\/uploads\/2018\/02\/libraboite2-600x239.jpg 600w, https:\/\/old.libradio.org\/wp-content\/uploads\/2018\/02\/libraboite2.jpg 916w\" sizes=\"(max-width: 300px) 100vw, 300px\" \/><\/a><br \/>\n&nbsp;<br \/>\n&nbsp;<\/p>\n","protected":false},"excerpt":{"rendered":"<p>Les podcast de libradio. \u00c9coutables et t\u00e9l\u00e9chargeables librement. Ni copyright nor copyleft. Recopie everywhere! Usages p\u00e9dagogiques recommand\u00e9s. Un grand merci si tu nous le signale pour que nous relayions le fait. Contact-Question: info@libradio.org Podcast 2014 Podcast 2015 Podcast 2016 Podcast 2017 Podcast 2018 &nbsp; &nbsp; Clique sur l&rsquo;ann\u00e9e ou vise la colonne de droite > [&hellip;]<\/p>\n","protected":false},"author":2,"featured_media":0,"parent":0,"menu_order":2,"comment_status":"open","ping_status":"open","template":"","meta":[],"_links":{"self":[{"href":"https:\/\/old.libradio.org\/index.php?rest_route=\/wp\/v2\/pages\/3683"}],"collection":[{"href":"https:\/\/old.libradio.org\/index.php?rest_route=\/wp\/v2\/pages"}],"about":[{"href":"https:\/\/old.libradio.org\/index.php?rest_route=\/wp\/v2\/types\/page"}],"author":[{"embeddable":true,"href":"https:\/\/old.libradio.org\/index.php?rest_route=\/wp\/v2\/users\/2"}],"replies":[{"embeddable":true,"href":"https:\/\/old.libradio.org\/index.php?rest_route=%2Fwp%2Fv2%2Fcomments&post=3683"}],"version-history":[{"count":13,"href":"https:\/\/old.libradio.org\/index.php?rest_route=\/wp\/v2\/pages\/3683\/revisions"}],"predecessor-version":[{"id":3771,"href":"https:\/\/old.libradio.org\/index.php?rest_route=\/wp\/v2\/pages\/3683\/revisions\/3771"}],"wp:attachment":[{"href":"https:\/\/old.libradio.org\/index.php?rest_route=%2Fwp%2Fv2%2Fmedia&parent=3683"}],"curies":[{"name":"wp","href":"https:\/\/api.w.org\/{rel}","templated":true}]}}