{"id":3689,"date":"2018-02-18T04:50:25","date_gmt":"2018-02-18T03:50:25","guid":{"rendered":"http:\/\/old.libradio.org\/?page_id=3689"},"modified":"2018-04-27T10:45:52","modified_gmt":"2018-04-27T09:45:52","slug":"les-positionsstrong","status":"publish","type":"page","link":"https:\/\/old.libradio.org\/?page_id=3689","title":{"rendered":"<li><strong>LES POSITIONS<\/li><\/strong>"},"content":{"rendered":"<p>Les positions ou les postures de LibrAdio. Une radio-libre et mobile.<\/p>\n<hr>\n<p>&nbsp;<br \/>\n_Radio Lissignol, depuis la salle du Bocal au 8 rue Lissignol. La radio des Rencontres du Lissignol 8. Rencontres dialectiques et repas convivial. Paroles fluides et id\u00e9es fortes.<br \/>\n&nbsp;<br \/>\n_Radio Refugees Welcome, la radio des personnes en exil. probl\u00e9matique complexes, trag\u00e9dies humaines et d\u00e9sinformations rampantes, il est urgent de se contre-informer et d&rsquo;agir en cons\u00e9quence.<br \/>\n&nbsp;<br \/>\n_Radio Orient, proche, moyen ou extr\u00eame orient, quelques tentatives de changer les id\u00e9es re\u00e7ues. Chine, Kurdistan, Palestine, territoires lointains et pourtant aspirations proches.<br \/>\n&nbsp;<br \/>\n_Radio 451, les Combustions Spontan\u00e9es de la librairie anarchiste \u00ab\u00a0Fahrenheit 451\u00a0\u00bb rue Voltaire 24 \u00e0 Gen\u00e8ve.<br \/>\n&nbsp;<br \/>\n_Radio Bidule, les activit\u00e9s depuis le Studio 99, rue de Lyon m\u00eame num\u00e9ro.<br \/>\n&nbsp;<br \/>\n_Radio Caf\u00e9-Philo, radio commune avec l&rsquo;ADTS, association de d\u00e9fense des Travailleuses-eurs du sexe.<br \/>\n&nbsp;<br \/>\n_Radio Contr&rsquo;Aust\u00e9rit\u00e9, l&rsquo;aust\u00e9rit\u00e9, une sacr\u00e9 imposture, un sacr\u00e9 croque mitaine, un os \u00e0 ronger.<br \/>\n&nbsp;<br \/>\n_Radio Prenons la Ville, anciennement Radio Noctambr\u00fble, la nuit des mots sont doux. Les id\u00e9es aussi. Ou pas.<\/p>\n<hr>\n<p>>Vise la colonne de droite><br \/>\nContact? info@libradio.org<\/p>\n<p>&nbsp;<br \/>\n&nbsp;<\/p>\n","protected":false},"excerpt":{"rendered":"<p>Les positions ou les postures de LibrAdio. Une radio-libre et mobile. &nbsp; _Radio Lissignol, depuis la salle du Bocal au 8 rue Lissignol. La radio des Rencontres du Lissignol 8. Rencontres dialectiques et repas convivial. Paroles fluides et id\u00e9es fortes. &nbsp; _Radio Refugees Welcome, la radio des personnes en exil. probl\u00e9matique complexes, trag\u00e9dies humaines et [&hellip;]<\/p>\n","protected":false},"author":2,"featured_media":0,"parent":0,"menu_order":3,"comment_status":"open","ping_status":"open","template":"","meta":[],"_links":{"self":[{"href":"https:\/\/old.libradio.org\/index.php?rest_route=\/wp\/v2\/pages\/3689"}],"collection":[{"href":"https:\/\/old.libradio.org\/index.php?rest_route=\/wp\/v2\/pages"}],"about":[{"href":"https:\/\/old.libradio.org\/index.php?rest_route=\/wp\/v2\/types\/page"}],"author":[{"embeddable":true,"href":"https:\/\/old.libradio.org\/index.php?rest_route=\/wp\/v2\/users\/2"}],"replies":[{"embeddable":true,"href":"https:\/\/old.libradio.org\/index.php?rest_route=%2Fwp%2Fv2%2Fcomments&post=3689"}],"version-history":[{"count":9,"href":"https:\/\/old.libradio.org\/index.php?rest_route=\/wp\/v2\/pages\/3689\/revisions"}],"predecessor-version":[{"id":4045,"href":"https:\/\/old.libradio.org\/index.php?rest_route=\/wp\/v2\/pages\/3689\/revisions\/4045"}],"wp:attachment":[{"href":"https:\/\/old.libradio.org\/index.php?rest_route=%2Fwp%2Fv2%2Fmedia&parent=3689"}],"curies":[{"name":"wp","href":"https:\/\/api.w.org\/{rel}","templated":true}]}}