{"id":5185,"date":"2019-01-18T20:40:30","date_gmt":"2019-01-18T19:40:30","guid":{"rendered":"http:\/\/old.libradio.org\/?page_id=5185"},"modified":"2020-01-06T06:53:29","modified_gmt":"2020-01-06T05:53:29","slug":"gilets-jaunes","status":"publish","type":"page","link":"https:\/\/old.libradio.org\/?page_id=5185","title":{"rendered":"Gilets Jaunes"},"content":{"rendered":"<hr>\n<p>\u00ab\u00a0Nous demeurons mobilis\u00e9e\u00b7e\u00b7s. Sans compter la r\u00e9pression f\u00e9roce, les tentatives de r\u00e9cup\u00e9ration, les mots mis dans nos bouches et les assignations p\u00e9remptoires d&rsquo;o\u00f9 quelles viennent.<br \/>\n&nbsp;<br \/>\nLa constance de nos pas, celle de nos courages \u00e0 affronter dans le d\u00e9s\u00e9quilibre la disproportion des moyens mis en oeuvre pour nous b\u00e2illonner nous rend plus fort \u00e0 chaque instant.<br \/>\n&nbsp;<br \/>\nNi chef, ni tribun, ni avant-garde. L&rsquo;intelligence collective surgit et lorsqu&rsquo;elle s&rsquo;\u00e9tend, personne jamais ne peut la contenir. Les valises sont pr\u00eates pour ce vieux monde \u00e0 l&rsquo;agonie. Qu&rsquo;il s&rsquo;effondre et qu&rsquo;il emporte ses s\u00e9ides. Ce n&rsquo;est qu&rsquo;une question de temps d\u00e9sormais.<br \/>\n&nbsp;<br \/>\nIci nous trouvons les pelles et les pioches. Les bras et les mains qui forgent un monde meilleurs. Les caciques de passage en ignorent les modalit\u00e9s, jusqu&rsquo;aux expressions et cela est bien normal.<br \/>\n&nbsp;<br \/>\nRejoins la gangue il y navigue de pr\u00e9cieux tr\u00e9sors, qui profiteront \u00e0 toutes et \u00e0 tous, plut\u00f4t que juste \u00e0 certains.\u00a0\u00bb<br \/>\n&nbsp;<\/p>\n<hr>\n<p>Quelques liens locaux et r\u00e9gionaux<br \/>\n<a href=\"https:\/\/old.libradio.org\/wp-content\/uploads\/2019\/01\/ggj.png\"><img decoding=\"async\" loading=\"lazy\" src=\"https:\/\/old.libradio.org\/wp-content\/uploads\/2019\/01\/ggj-300x169.png\" alt=\"\" width=\"300\" height=\"169\" class=\"aligncenter size-medium wp-image-5205\" srcset=\"https:\/\/old.libradio.org\/wp-content\/uploads\/2019\/01\/ggj-300x169.png 300w, https:\/\/old.libradio.org\/wp-content\/uploads\/2019\/01\/ggj-768x432.png 768w, https:\/\/old.libradio.org\/wp-content\/uploads\/2019\/01\/ggj-1024x576.png 1024w, https:\/\/old.libradio.org\/wp-content\/uploads\/2019\/01\/ggj-600x338.png 600w, https:\/\/old.libradio.org\/wp-content\/uploads\/2019\/01\/ggj.png 2048w\" sizes=\"(max-width: 300px) 100vw, 300px\" \/><\/a><br \/>\n<strong><br \/>\n_Gilets Jaunes de Suisse, <a href=\"https:\/\/www.facebook.com\/GiletsJaunesSuisse\/\" rel=\"noopener\" target=\"_blank\">nous sommes le Peuple<\/a><br \/>\n_<a href=\"https:\/\/www.facebook.com\/groups\/2038643909551908\/\" rel=\"noopener\" target=\"_blank\">Gilets Jaunes Gen\u00e8ve<\/a><br \/>\n_<a href=\"https:\/\/www.facebook.com\/Gilets-jaunes-de-Suisse-1990664410969610\/\" rel=\"noopener\" target=\"_blank\">Gilet Jaunes Suisse<\/a><br \/>\n_<a href=\"https:\/\/www.gilets-jaunes.com\/\" rel=\"noopener\" target=\"_blank\">Gilets Jaunes et carte interactive<\/a><\/strong><br \/>\n_NEMESIS, <strong><a href=\"https:\/\/vainminute.noblogs.org\/\" rel=\"noopener\" target=\"_blank\">le Peuple versus le WEF<\/a><\/strong>.<\/p>\n<hr>\n<p>AUTOMEDIAS<br \/>\n_<a href=\"https:\/\/jaune.noblogs.org\/\" rel=\"noopener\" target=\"_blank\"><strong>Jaune, le Journal, site internet<\/strong><\/a>.<br \/>\n_<a href=\"https:\/\/old.libradio.org\/wp-content\/uploads\/2019\/01\/Jaune1-web-1.pdf\"><strong>Jaune, le Journal pour gagner!<\/strong><\/a><br \/>\n_<a href=\"https:\/\/old.libradio.org\/wp-content\/uploads\/2019\/01\/n_5_-_le_dechaine.pdf\"><strong>Le D\u00e9cha\u00eene<\/strong><\/a><br \/>\n_<a href=\"https:\/\/old.libradio.org\/wp-content\/uploads\/2019\/01\/la_vie_en_jaune_n1.pdf\"><strong>La vie en jaune<\/strong><\/a><br \/>\n&nbsp;<br \/>\nQuelques points centraux sont illustr\u00e9s ci-dessous. Nos revendications aspirent \u00e0 relever les conditions de vie des personnes exploit\u00e9es, pr\u00e9caires, fragilis\u00e9es. Mais pas que. \u00c9galement elles contraindront les potentats de la classe politique \u00e0 faire face \u00e0 leur responsabilit\u00e9s ici et maintenant.<br \/>\n&nbsp;<br \/>\nC&rsquo;est aussi aux lobbies et aux groupes d&rsquo;influence que les Gilets Jaunes font face ind\u00e9fectiblement. Lorsque toutes et tous nous saurons, enfin librement l&rsquo;on prendra en mains nos affaires, sans pr\u00e9dateurs ni rentiers, sans oligarques ni profiteurs et dominants.<br \/>\n&nbsp;<br \/>\nLe peuple, quel peuple. Quid du peuple.<br \/>\n<a href=\"https:\/\/old.libradio.org\/wp-content\/uploads\/2019\/01\/peuple2.jpg\"><img decoding=\"async\" loading=\"lazy\" src=\"https:\/\/old.libradio.org\/wp-content\/uploads\/2019\/01\/peuple2-300x154.jpg\" alt=\"\" width=\"300\" height=\"154\" class=\"aligncenter size-medium wp-image-5186\" srcset=\"https:\/\/old.libradio.org\/wp-content\/uploads\/2019\/01\/peuple2-300x154.jpg 300w, https:\/\/old.libradio.org\/wp-content\/uploads\/2019\/01\/peuple2-768x394.jpg 768w, https:\/\/old.libradio.org\/wp-content\/uploads\/2019\/01\/peuple2-1024x525.jpg 1024w, https:\/\/old.libradio.org\/wp-content\/uploads\/2019\/01\/peuple2-600x308.jpg 600w, https:\/\/old.libradio.org\/wp-content\/uploads\/2019\/01\/peuple2.jpg 1025w\" sizes=\"(max-width: 300px) 100vw, 300px\" \/><\/a><br \/>\n&nbsp;<br \/>\nJOURNAL des Gilets Jaunes en t\u00e9l\u00e9chargement libre. <a href=\"https:\/\/old.libradio.org\/wp-content\/uploads\/2019\/01\/Jaune1-web.pdf\"><font size=\"5\"<strong>ICI<\/strong><\/font><\/a><br \/>\n&nbsp;<br \/>\n<a href=\"https:\/\/old.libradio.org\/wp-content\/uploads\/2019\/01\/findebut.png\"><img decoding=\"async\" loading=\"lazy\" src=\"https:\/\/old.libradio.org\/wp-content\/uploads\/2019\/01\/findebut-300x145.png\" alt=\"\" width=\"300\" height=\"145\" class=\"aligncenter size-medium wp-image-5188\" srcset=\"https:\/\/old.libradio.org\/wp-content\/uploads\/2019\/01\/findebut-300x145.png 300w, https:\/\/old.libradio.org\/wp-content\/uploads\/2019\/01\/findebut-768x372.png 768w, https:\/\/old.libradio.org\/wp-content\/uploads\/2019\/01\/findebut-600x291.png 600w, https:\/\/old.libradio.org\/wp-content\/uploads\/2019\/01\/findebut.png 792w\" sizes=\"(max-width: 300px) 100vw, 300px\" \/><\/a><br \/>\n&nbsp;<br \/>\nDes revendications imm\u00e9diates et op\u00e9rationnelles!<br \/>\n\n\t\t<style type=\"text\/css\">\n\t\t\t#gallery-1 {\n\t\t\t\tmargin: auto;\n\t\t\t}\n\t\t\t#gallery-1 .gallery-item {\n\t\t\t\tfloat: left;\n\t\t\t\tmargin-top: 10px;\n\t\t\t\ttext-align: center;\n\t\t\t\twidth: 50%;\n\t\t\t}\n\t\t\t#gallery-1 img {\n\t\t\t\tborder: 2px solid #cfcfcf;\n\t\t\t}\n\t\t\t#gallery-1 .gallery-caption {\n\t\t\t\tmargin-left: 0;\n\t\t\t}\n\t\t\t\/* see gallery_shortcode() in wp-includes\/media.php *\/\n\t\t<\/style>\n\t\t<div id='gallery-1' class='gallery galleryid-5185 gallery-columns-2 gallery-size-large'><dl class='gallery-item'>\n\t\t\t<dt class='gallery-icon portrait'>\n\t\t\t\t<a href='https:\/\/old.libradio.org\/?attachment_id=5189#main'><img width=\"679\" height=\"960\" src=\"https:\/\/old.libradio.org\/wp-content\/uploads\/2019\/01\/gjs1.png\" class=\"attachment-large size-large\" alt=\"\" decoding=\"async\" loading=\"lazy\" srcset=\"https:\/\/old.libradio.org\/wp-content\/uploads\/2019\/01\/gjs1.png 679w, https:\/\/old.libradio.org\/wp-content\/uploads\/2019\/01\/gjs1-212x300.png 212w, https:\/\/old.libradio.org\/wp-content\/uploads\/2019\/01\/gjs1-600x848.png 600w\" sizes=\"(max-width: 679px) 100vw, 679px\" \/><\/a>\n\t\t\t<\/dt><\/dl><dl class='gallery-item'>\n\t\t\t<dt class='gallery-icon portrait'>\n\t\t\t\t<a href='https:\/\/old.libradio.org\/?attachment_id=5190#main'><img width=\"679\" height=\"960\" src=\"https:\/\/old.libradio.org\/wp-content\/uploads\/2019\/01\/gjs2.png\" class=\"attachment-large size-large\" alt=\"\" decoding=\"async\" loading=\"lazy\" srcset=\"https:\/\/old.libradio.org\/wp-content\/uploads\/2019\/01\/gjs2.png 679w, https:\/\/old.libradio.org\/wp-content\/uploads\/2019\/01\/gjs2-212x300.png 212w, https:\/\/old.libradio.org\/wp-content\/uploads\/2019\/01\/gjs2-600x848.png 600w\" sizes=\"(max-width: 679px) 100vw, 679px\" \/><\/a>\n\t\t\t<\/dt><\/dl><br style=\"clear: both\" \/>\n\t\t<\/div>\n<br \/>\n&nbsp;<br \/>\nPage du <strong><a href=\"https:\/\/old.libradio.org\/?p=5084\" rel=\"noopener\" target=\"_blank\">Festival NEMESIS<\/a><\/strong>, Le Peuple versus le WEF-World economic forum. Il s&rsquo;y proc\u00e9dera \u00e0 l&rsquo;Agora Citoyenne, ouverte \u00e0 toutes et tous.<br \/>\n&nbsp;<br \/>\nUne d\u00e9l\u00e9gation de Gilets Jaunes, accompagn\u00e9e par LCAPAM, collectif de lutte contre les augmentation des primes d&rsquo;assurance maladie, ainsi que des initiant\u00b7e des objets soumis au vote le 10 f\u00e9vrier 2019. Remboursement des soins dentaires et Pour une caisse d&rsquo;assurance accident et maladie \u00e0 but social \u00e0 Gen\u00e8ve seront pr\u00e9sentes au devant de toutes et tous, librement, lors de l&rsquo;<strong>Agora Citoyenne<\/strong>, le vendredi 25 janvier \u00e0 l&rsquo;Almac\u00e9n aux 6, rue des Grottes, dans le cadre de NEMESIS.<br \/>\n&nbsp;<br \/>\nN\u00e9m\u00e9sis aux Grottes le Vendredi 25 et samedi 26 janvier 2019. Entr\u00e9e libre, bienvenue \u00e0 toutes et tous.<br \/>\n&nbsp;<br \/>\n<a href=\"https:\/\/old.libradio.org\/wp-content\/uploads\/2019\/01\/nem5.png\"><img decoding=\"async\" loading=\"lazy\" src=\"https:\/\/old.libradio.org\/wp-content\/uploads\/2019\/01\/nem5-300x154.png\" alt=\"\" width=\"300\" height=\"154\" class=\"aligncenter size-medium wp-image-5197\" srcset=\"https:\/\/old.libradio.org\/wp-content\/uploads\/2019\/01\/nem5-300x154.png 300w, https:\/\/old.libradio.org\/wp-content\/uploads\/2019\/01\/nem5-768x395.png 768w, https:\/\/old.libradio.org\/wp-content\/uploads\/2019\/01\/nem5-1024x527.png 1024w, https:\/\/old.libradio.org\/wp-content\/uploads\/2019\/01\/nem5-600x309.png 600w, https:\/\/old.libradio.org\/wp-content\/uploads\/2019\/01\/nem5.png 1516w\" sizes=\"(max-width: 300px) 100vw, 300px\" \/><\/a><br \/>\n&nbsp;<br \/>\n\n\t\t<style type=\"text\/css\">\n\t\t\t#gallery-2 {\n\t\t\t\tmargin: auto;\n\t\t\t}\n\t\t\t#gallery-2 .gallery-item {\n\t\t\t\tfloat: left;\n\t\t\t\tmargin-top: 10px;\n\t\t\t\ttext-align: center;\n\t\t\t\twidth: 33%;\n\t\t\t}\n\t\t\t#gallery-2 img {\n\t\t\t\tborder: 2px solid #cfcfcf;\n\t\t\t}\n\t\t\t#gallery-2 .gallery-caption {\n\t\t\t\tmargin-left: 0;\n\t\t\t}\n\t\t\t\/* see gallery_shortcode() in wp-includes\/media.php *\/\n\t\t<\/style>\n\t\t<div id='gallery-2' class='gallery galleryid-5185 gallery-columns-3 gallery-size-medium'><dl class='gallery-item'>\n\t\t\t<dt class='gallery-icon landscape'>\n\t\t\t\t<a href='https:\/\/old.libradio.org\/?attachment_id=5198#main'><img width=\"300\" height=\"157\" src=\"https:\/\/old.libradio.org\/wp-content\/uploads\/2019\/01\/gj-300x157.jpg\" class=\"attachment-medium size-medium\" alt=\"\" decoding=\"async\" loading=\"lazy\" srcset=\"https:\/\/old.libradio.org\/wp-content\/uploads\/2019\/01\/gj-300x157.jpg 300w, https:\/\/old.libradio.org\/wp-content\/uploads\/2019\/01\/gj-768x402.jpg 768w, https:\/\/old.libradio.org\/wp-content\/uploads\/2019\/01\/gj-1024x536.jpg 1024w, https:\/\/old.libradio.org\/wp-content\/uploads\/2019\/01\/gj-600x314.jpg 600w, https:\/\/old.libradio.org\/wp-content\/uploads\/2019\/01\/gj.jpg 1146w\" sizes=\"(max-width: 300px) 100vw, 300px\" \/><\/a>\n\t\t\t<\/dt><\/dl><dl class='gallery-item'>\n\t\t\t<dt class='gallery-icon landscape'>\n\t\t\t\t<a href='https:\/\/old.libradio.org\/?attachment_id=5199#main'><img width=\"300\" height=\"197\" src=\"https:\/\/old.libradio.org\/wp-content\/uploads\/2019\/01\/gj1-300x197.jpg\" class=\"attachment-medium size-medium\" alt=\"\" decoding=\"async\" loading=\"lazy\" srcset=\"https:\/\/old.libradio.org\/wp-content\/uploads\/2019\/01\/gj1-300x197.jpg 300w, https:\/\/old.libradio.org\/wp-content\/uploads\/2019\/01\/gj1-768x504.jpg 768w, https:\/\/old.libradio.org\/wp-content\/uploads\/2019\/01\/gj1-1024x672.jpg 1024w, https:\/\/old.libradio.org\/wp-content\/uploads\/2019\/01\/gj1-600x394.jpg 600w, https:\/\/old.libradio.org\/wp-content\/uploads\/2019\/01\/gj1.jpg 1069w\" sizes=\"(max-width: 300px) 100vw, 300px\" \/><\/a>\n\t\t\t<\/dt><\/dl><dl class='gallery-item'>\n\t\t\t<dt class='gallery-icon portrait'>\n\t\t\t\t<a href='https:\/\/old.libradio.org\/?attachment_id=5200#main'><img width=\"215\" height=\"300\" src=\"https:\/\/old.libradio.org\/wp-content\/uploads\/2019\/01\/gj3-215x300.jpg\" class=\"attachment-medium size-medium\" alt=\"\" decoding=\"async\" loading=\"lazy\" srcset=\"https:\/\/old.libradio.org\/wp-content\/uploads\/2019\/01\/gj3-215x300.jpg 215w, https:\/\/old.libradio.org\/wp-content\/uploads\/2019\/01\/gj3-600x836.jpg 600w, https:\/\/old.libradio.org\/wp-content\/uploads\/2019\/01\/gj3.jpg 666w\" sizes=\"(max-width: 215px) 100vw, 215px\" \/><\/a>\n\t\t\t<\/dt><\/dl><br style=\"clear: both\" \/>\n\t\t<\/div>\n<br \/>\n&nbsp;<br \/>\n&nbsp;<br \/>\n&nbsp;<\/p>\n","protected":false},"excerpt":{"rendered":"<p>\u00ab\u00a0Nous demeurons mobilis\u00e9e\u00b7e\u00b7s. Sans compter la r\u00e9pression f\u00e9roce, les tentatives de r\u00e9cup\u00e9ration, les mots mis dans nos bouches et les assignations p\u00e9remptoires d&rsquo;o\u00f9 quelles viennent. &nbsp; La constance de nos pas, celle de nos courages \u00e0 affronter dans le d\u00e9s\u00e9quilibre la disproportion des moyens mis en oeuvre pour nous b\u00e2illonner nous rend plus fort \u00e0 [&hellip;]<\/p>\n","protected":false},"author":2,"featured_media":0,"parent":3689,"menu_order":1,"comment_status":"closed","ping_status":"closed","template":"","meta":[],"_links":{"self":[{"href":"https:\/\/old.libradio.org\/index.php?rest_route=\/wp\/v2\/pages\/5185"}],"collection":[{"href":"https:\/\/old.libradio.org\/index.php?rest_route=\/wp\/v2\/pages"}],"about":[{"href":"https:\/\/old.libradio.org\/index.php?rest_route=\/wp\/v2\/types\/page"}],"author":[{"embeddable":true,"href":"https:\/\/old.libradio.org\/index.php?rest_route=\/wp\/v2\/users\/2"}],"replies":[{"embeddable":true,"href":"https:\/\/old.libradio.org\/index.php?rest_route=%2Fwp%2Fv2%2Fcomments&post=5185"}],"version-history":[{"count":19,"href":"https:\/\/old.libradio.org\/index.php?rest_route=\/wp\/v2\/pages\/5185\/revisions"}],"predecessor-version":[{"id":7324,"href":"https:\/\/old.libradio.org\/index.php?rest_route=\/wp\/v2\/pages\/5185\/revisions\/7324"}],"up":[{"embeddable":true,"href":"https:\/\/old.libradio.org\/index.php?rest_route=\/wp\/v2\/pages\/3689"}],"wp:attachment":[{"href":"https:\/\/old.libradio.org\/index.php?rest_route=%2Fwp%2Fv2%2Fmedia&parent=5185"}],"curies":[{"name":"wp","href":"https:\/\/api.w.org\/{rel}","templated":true}]}}