{"id":5228,"date":"2019-01-22T16:22:59","date_gmt":"2019-01-22T15:22:59","guid":{"rendered":"http:\/\/old.libradio.org\/?page_id=5228"},"modified":"2020-01-06T06:53:39","modified_gmt":"2020-01-06T05:53:39","slug":"radio-greve-des-femmes-greve-feministe","status":"publish","type":"page","link":"https:\/\/old.libradio.org\/?page_id=5228","title":{"rendered":"Radio Gr\u00e8ve F\u00e9ministe &#8211; Gr\u00e8ve des Femmes (GFF)"},"content":{"rendered":"<div style=\"text-align: left;\"><\/div>\n<div><\/div>\n<div><\/div>\n<div style=\"text-align: left;\"><\/div>\n<p style=\"text-align: left; padding-left: 180px;\"><a href=\"https:\/\/old.libradio.org\/?page_id=5231\" target=\"_blank\" rel=\"noopener\"><button>Les podcasts<\/button><\/a><\/p>\n<div style=\"text-align: left;\"><\/div>\n<div style=\"text-align: left;\"><\/div>\n<div><\/div>\n<div><\/div>\n<div>\n<h2 style=\"text-align: left;\"><span style=\"color: #800080;\">Manifeste pour la gr\u00e8ve f\u00e9ministe et des femmes*<\/span><br \/>\n<span style=\"color: #800080;\">14 juin 2019<\/span><\/h2>\n<p style=\"text-align: left;\"><strong>De la parole \u00e0 la gr\u00e8ve<\/strong><\/p>\n<p class=\"p3\" style=\"text-align: left;\">Un peu partout dans le monde, nous assistons \u00e0 un renouveau des mouvements f\u00e9ministes: #metoo a contribu\u00e9 \u00e0 diffuser et lib\u00e9rer la parole des femmes* et, gr\u00e2ce aux r\u00e9seaux sociaux, a eu un \u00e9cho plan\u00e9taire. Un exemple: l\u2019extraordinaire gr\u00e8ve des femmes * de l\u2019Etat espagnol le 8 mars 2018.<\/p>\n<p class=\"p3\" style=\"text-align: left;\">En Suisse aussi, le sexisme, les in\u00e9galit\u00e9s et les violences \u00e0 l\u2019encontre des femmes* persistent, malgr\u00e9 un discours politiquement correct sur l\u2019\u00e9galit\u00e9 et bien que l\u2019\u00e9galit\u00e9 soit inscrite dans la Constitution f\u00e9d\u00e9rale depuis 1981.<\/p>\n<p class=\"p3\" style=\"text-align: left;\"><b>\u00abLes femmes bras crois\u00e9s, le pays perd pied !\u00bb <\/b><\/p>\n<p class=\"p3\" style=\"text-align: left;\">Au pays de la pr\u00e9tendue paix du travail, les femmes ont d\u00e9j\u00e0 fait une gr\u00e8ve qui a mobilis\u00e9 500\u2019000 personnes ! C\u2019\u00e9tait le 14 juin 1991, dix ans apr\u00e8s l\u2019entr\u00e9e en vigueur de l\u2019article constitutionnel sur l\u2019\u00e9galit\u00e9. Ce jour-l\u00e0, les femmes ont crois\u00e9 les bras: la gr\u00e8ve a eu lieu non seulement sur les lieux de travail, mais aussi dans les foyers, o\u00f9 elles ont arr\u00eat\u00e9 de faire le m\u00e9nage, ont suspendu leurs balais aux fen\u00eatres, n\u2019ont pas cuisin\u00e9 ni pris en charge les enfants.<\/p>\n<p class=\"p3\" style=\"text-align: left;\">La gr\u00e8ve des femmes de 1991 avait surpris tout le monde. Un immense \u00e9lan vers l\u2019\u00e9galit\u00e9 avait secou\u00e9 le pays: nous avons depuis lors obtenu des r\u00e9sultats concrets comme une Loi f\u00e9d\u00e9rale sur l\u2019\u00e9galit\u00e9 entre femmes et hommes, un cong\u00e9 maternit\u00e9, le splitting et le bonus \u00e9ducatif dans l\u2019AVS, la solution dite des d\u00e9lais en mati\u00e8re d\u2019avortement, des mesures de lutte contre les violences domestiques.<\/p>\n<p class=\"p3\" style=\"text-align: left;\">Aujourd\u2019hui, nous avons besoin d\u2019un nouvel \u00e9lan ! Le 22 septembre 2018, 20\u2019000 femmes* et hommes solidaires ont manifest\u00e9 \u00e0 Berne pour l\u2019\u00e9galit\u00e9 et contre les discriminations. Le d\u00e9but d\u2019une mobilisation que nous voulons poursuivre jusqu\u2019\u00e0 la gr\u00e8ve f\u00e9ministe et des femmes* le 14 juin 2019 !<\/p>\n<p class=\"p3\" style=\"text-align: left;\"><b>L\u2019\u00e9galit\u00e9 stagne : les femmes* se mobilisent ! <\/b><\/p>\n<p class=\"p3\" style=\"text-align: left;\">Nous sommes toutes expos\u00e9es au sexisme, aux discriminations, aux st\u00e9r\u00e9otypes et aux violences, sur le lieu de travail, \u00e0 la maison ou dans la rue. Mais nous savons que des oppressions sp\u00e9cifiques bas\u00e9es sur l\u2019appartenance de race, de classe ou sur l\u2019orientation sexuelle et l\u2019identit\u00e9 de genre se combinent, si bien que certaines d\u2019entre nous peuvent subir des discriminations multiples. Faire vivre la solidarit\u00e9 entre les femmes* du monde entier, c\u2019est un des objectifs de notre gr\u00e8ve.<\/p>\n<p class=\"p3\" style=\"text-align: left;\">Fortes de nos diversit\u00e9s, nous refusons toute instrumentalisation de nos luttes, notamment \u00e0 des fins racistes. Nous revendiquons le droit de vivre libres dans une soci\u00e9t\u00e9 qui garantit des droits \u00e9gaux pour toutes*.<\/p>\n<p class=\"p3\" style=\"text-align: left;\">Durant ces vingt derni\u00e8res ann\u00e9es, nous avons assist\u00e9 \u00e0 la mont\u00e9e des politiques n\u00e9olib\u00e9rales: les services publics ont \u00e9t\u00e9 remis en cause, les prestations ont \u00e9t\u00e9 r\u00e9duites, des secteurs comme la sant\u00e9 ont \u00e9t\u00e9 soumis \u00e0 la logique marchande, les conditions de travail et de retraite ont \u00e9t\u00e9 p\u00e9jor\u00e9es. L\u2019\u00e9conomie capitaliste veut maximiser les profits au d\u00e9triment de l\u2019\u00eatre humain et de l\u2019\u00e9quilibre \u00e9cologique. Les femmes* sont les premi\u00e8res \u00e0 en souffrir en tant que travailleuses pr\u00e9caires, migrantes ou encore m\u00e8res, souvent seules responsables du foyer et des enfants.<\/p>\n<p class=\"p3\" style=\"text-align: left;\">Comme le disent les Islandaises: \u00abNe changeons pas les femmes, changeons la soci\u00e9t\u00e9 !\u00bb. Car l\u2019\u00e9galit\u00e9 ne peut se r\u00e9aliser dans un monde o\u00f9 seul compte l\u2019argent, mais n\u00e9cessite de construire une soci\u00e9t\u00e9 o\u00f9 ce qui compte est le respect et le bien-\u00eatre de chaque \u00eatre humain.<\/p>\n<p>&nbsp;<\/p>\n<h2 class=\"p4\" style=\"text-align: left;\"><span style=\"color: #800080;\">Le 14 juin 2019, nous nous mettrons en gr\u00e8ve sur nos lieux de travail, dans nos foyers et nous occuperons l\u2019espace public<\/span><\/h2>\n<p class=\"p3\" style=\"text-align: left;\"><b>Parce que nous en avons assez des in\u00e9galit\u00e9s salariales et des discriminations dans le monde du travail. <\/b><\/p>\n<p class=\"p3\" style=\"text-align: left;\"><b>Parce que nous voulons des rentes qui nous permettent de vivre dignement. <\/b><\/p>\n<p class=\"p3\" style=\"text-align: left;\"><b>Parce que nous voulons que le travail domestique, \u00e9ducatif et de soins soit reconnu et partag\u00e9, de m\u00eame que la charge mentale. <\/b><\/p>\n<p class=\"p3\" style=\"text-align: left;\"><b>Parce que nous nous \u00e9puisons \u00e0 travailler, nous voulons r\u00e9duire le temps de travail. <\/b><\/p>\n<p class=\"p3\" style=\"text-align: left;\"><b>Parce que le travail \u00e9ducatif et de soins doit \u00eatre une pr\u00e9occupation collective. <\/b><\/p>\n<p class=\"p3\" style=\"text-align: left;\"><b>Parce que nous revendiquons la libert\u00e9 de nos choix en mati\u00e8re de sexualit\u00e9 et d\u2019identit\u00e9 de genre. <\/b><\/p>\n<p class=\"p3\" style=\"text-align: left;\"><b>Parce que notre corps nous appartient, nous exigeons d\u2019\u00eatre respect\u00e9es et libres de nos choix. <\/b><\/p>\n<p class=\"p3\" style=\"text-align: left;\"><b>Parce que nous refusons la violence sexiste, homophobe et transphobe, nous restons debout ! <\/b><\/p>\n<p class=\"p3\" style=\"text-align: left;\"><b>Parce que nous voulons que la honte change de camp. <\/b><\/p>\n<p class=\"p3\" style=\"text-align: left;\"><b>Parce que lorsque nous venons d\u2019ailleurs, nous vivons de multiples discriminations. <\/b><\/p>\n<p class=\"p3\" style=\"text-align: left;\"><b>Parce que le droit d\u2019asile est un droit fondamental, nous demandons le droit de rester, lorsque nos vies sont en danger. <\/b><\/p>\n<p class=\"p3\" style=\"text-align: left;\"><b>Parce que l\u2019\u00e9cole est le reflet de la soci\u00e9t\u00e9 patriarcale, elle renforce les divisions et les hi\u00e9rarchies fond\u00e9es sur le sexe. <\/b><\/p>\n<p class=\"p3\" style=\"text-align: left;\"><b>Parce que nous voulons des cours d\u2019\u00e9ducation sexuelle qui parlent de notre corps, du plaisir et de la diversit\u00e9 sexuelle. <\/b><\/p>\n<p class=\"p3\" style=\"text-align: left;\"><b>Parce que les espaces relationnels doivent devenir des lieux d\u2019\u00e9change et de respect r\u00e9ciproque. <\/b><\/p>\n<p class=\"p3\" style=\"text-align: left;\"><b>Parce que les institutions ont \u00e9t\u00e9 con\u00e7ues sur un <\/b>mod\u00e8le <b>patriarcal et de classe dans lequel nous n\u2019apparaissons qu\u2019en incise. <\/b><\/p>\n<p class=\"p3\" style=\"text-align: left;\"><b>Parce que nous, actrices culturelles, sommes trop souvent peu consid\u00e9r\u00e9es et reconnues. <\/b><\/p>\n<p class=\"p3\" style=\"text-align: left;\"><b>Parce que nous vivons dans une soci\u00e9t\u00e9 qui v\u00e9hicule des repr\u00e9sentations st\u00e9r\u00e9otyp\u00e9es de \u00abla femme\u00bb. <\/b><\/p>\n<p class=\"p3\" style=\"text-align: left;\"><b>Parce que nous sommes solidaires avec les femmes du monde entier. <\/b><\/p>\n<p class=\"p3\" style=\"text-align: left;\"><b>Parce que nous voulons vivre dans une soci\u00e9t\u00e9 solidaire sans racisme, sans sexisme, sans homophobie et sans transphobie. <\/b><\/p>\n<p class=\"p5\" style=\"text-align: left;\"><b>Pour toutes ces raisons et d\u2019autres encore, <\/b><b>nous ferons gr\u00e8ve le 14 juin 2019 ! <\/b><\/p>\n<p class=\"p6\" style=\"text-align: left;\">1*toute personne qui n\u2019est pas un homme cisgenre (soit un homme qui se reconna\u00eet dans le genre qui lui a \u00e9t\u00e9 assign\u00e9 \u00e0 la naissance).<\/p>\n<p class=\"p6\" style=\"text-align: left;\"><i>Manifeste r\u00e9dig\u00e9 par les Collectifs romands pour la gr\u00e8ve f\u00e9ministe et des femmes \u2013 13.12.2018 <\/i><\/p>\n<\/div>\n<p>&nbsp;<\/p>\n<p>&nbsp;<\/p>\n<div>\n<h2><img decoding=\"async\" class=\"alignnone size-full wp-image-787 alignleft\" src=\"https:\/\/frauenstreik2019.files.wordpress.com\/2019\/01\/banner_website_gf2019-2.png?w=740\" sizes=\"(max-width: 740px) 100vw, 740px\" srcset=\"https:\/\/frauenstreik2019.files.wordpress.com\/2019\/01\/banner_website_gf2019-2.png?w=740 740w, https:\/\/frauenstreik2019.files.wordpress.com\/2019\/01\/banner_website_gf2019-2.png?w=150 150w, https:\/\/frauenstreik2019.files.wordpress.com\/2019\/01\/banner_website_gf2019-2.png?w=300 300w, https:\/\/frauenstreik2019.files.wordpress.com\/2019\/01\/banner_website_gf2019-2.png?w=768 768w, https:\/\/frauenstreik2019.files.wordpress.com\/2019\/01\/banner_website_gf2019-2.png?w=1024 1024w, https:\/\/frauenstreik2019.files.wordpress.com\/2019\/01\/banner_website_gf2019-2.png 1388w\" alt=\"banner_website_GF2019.png\" data-attachment-id=\"787\" data-permalink=\"https:\/\/frauenstreik2019.ch\/startseite\/manifest-manifeste-2\/banner_website_gf2019-3\/\" data-orig-file=\"https:\/\/frauenstreik2019.files.wordpress.com\/2019\/01\/banner_website_gf2019-2.png?w=740\" data-orig-size=\"1388,411\" data-comments-opened=\"1\" data-image-meta=\"{&quot;aperture&quot;:&quot;0&quot;,&quot;credit&quot;:&quot;&quot;,&quot;camera&quot;:&quot;&quot;,&quot;caption&quot;:&quot;&quot;,&quot;created_timestamp&quot;:&quot;0&quot;,&quot;copyright&quot;:&quot;&quot;,&quot;focal_length&quot;:&quot;0&quot;,&quot;iso&quot;:&quot;0&quot;,&quot;shutter_speed&quot;:&quot;0&quot;,&quot;title&quot;:&quot;&quot;,&quot;orientation&quot;:&quot;0&quot;}\" data-image-title=\"banner_website_gf2019\" data-image-description=\"\" data-medium-file=\"https:\/\/frauenstreik2019.files.wordpress.com\/2019\/01\/banner_website_gf2019-2.png?w=740?w=300\" data-large-file=\"https:\/\/frauenstreik2019.files.wordpress.com\/2019\/01\/banner_website_gf2019-2.png?w=740?w=740\" \/><\/h2>\n<\/div>\n<p>&nbsp;<\/p>\n<p>&nbsp;<\/p>\n<p>&nbsp;<\/p>\n<p><a href=\"https:\/\/ssp-vpod.ch\/downloads\/campagnes\/manifeste-pour-la-gre-ve-fe-ministe-et-des-femmes-14-juin-2019.pdf\" target=\"_blank\" rel=\"noopener\"><span style=\"color: #800080;\">Manifeste complet ici<\/span><\/a><\/p>\n<p>&nbsp;<\/p>\n","protected":false},"excerpt":{"rendered":"<p>Les podcasts Manifeste pour la gr\u00e8ve f\u00e9ministe et des femmes* 14 juin 2019 De la parole \u00e0 la gr\u00e8ve Un peu partout dans le monde, nous assistons \u00e0 un renouveau des mouvements f\u00e9ministes: #metoo a contribu\u00e9 \u00e0 diffuser et lib\u00e9rer la parole des femmes* et, gr\u00e2ce aux r\u00e9seaux sociaux, a eu un \u00e9cho plan\u00e9taire. Un [&hellip;]<\/p>\n","protected":false},"author":3,"featured_media":0,"parent":3689,"menu_order":0,"comment_status":"closed","ping_status":"closed","template":"","meta":[],"_links":{"self":[{"href":"https:\/\/old.libradio.org\/index.php?rest_route=\/wp\/v2\/pages\/5228"}],"collection":[{"href":"https:\/\/old.libradio.org\/index.php?rest_route=\/wp\/v2\/pages"}],"about":[{"href":"https:\/\/old.libradio.org\/index.php?rest_route=\/wp\/v2\/types\/page"}],"author":[{"embeddable":true,"href":"https:\/\/old.libradio.org\/index.php?rest_route=\/wp\/v2\/users\/3"}],"replies":[{"embeddable":true,"href":"https:\/\/old.libradio.org\/index.php?rest_route=%2Fwp%2Fv2%2Fcomments&post=5228"}],"version-history":[{"count":13,"href":"https:\/\/old.libradio.org\/index.php?rest_route=\/wp\/v2\/pages\/5228\/revisions"}],"predecessor-version":[{"id":5262,"href":"https:\/\/old.libradio.org\/index.php?rest_route=\/wp\/v2\/pages\/5228\/revisions\/5262"}],"up":[{"embeddable":true,"href":"https:\/\/old.libradio.org\/index.php?rest_route=\/wp\/v2\/pages\/3689"}],"wp:attachment":[{"href":"https:\/\/old.libradio.org\/index.php?rest_route=%2Fwp%2Fv2%2Fmedia&parent=5228"}],"curies":[{"name":"wp","href":"https:\/\/api.w.org\/{rel}","templated":true}]}}