{"id":593,"date":"2014-08-31T22:45:00","date_gmt":"2014-08-31T21:45:00","guid":{"rendered":"http:\/\/old.libradio.org\/?page_id=593"},"modified":"2018-07-17T02:47:59","modified_gmt":"2018-07-17T01:47:59","slug":"soutiens","status":"publish","type":"page","link":"https:\/\/old.libradio.org\/?page_id=593","title":{"rendered":"Soutien LibrAdio!"},"content":{"rendered":"<hr>\n<p>Auditeur\u00b7e nous avons besoin de toi! Libradio postule la mobilit\u00e9 comme mode op\u00e9ratoire<a href=\"https:\/\/old.libradio.org\/wp-content\/uploads\/2013\/12\/libfoxy2-e1410097425798.png\"><img decoding=\"async\" loading=\"lazy\" class=\"alignright size-medium wp-image-619\" alt=\"libfoxy\" src=\"https:\/\/old.libradio.org\/wp-content\/uploads\/2013\/12\/libfoxy2-300x209.png\" width=\"300\" height=\"209\" \/><\/a> singulier. Prendre la parole ensemble et la redistribuer ensemble.<br \/>\n&nbsp;<br \/>\nLibradio, un m\u00e9dia critique, pour donner l&rsquo;occasion de dire autrement et faire diff\u00e9remment.<br \/>\n&nbsp;<br \/>\nUne radio pour faire raisonner les p\u00e9riph\u00e9ries comme nos centres diffus, c&rsquo;est l\u00e0 les seules pr\u00e9rogatives dont l&rsquo;on veut bien.<br \/>\n&nbsp;<br \/>\nDes valeurs autogestionnaires horizontales, DIY et libertaires qui nous animent et nous \u00e9conduisent.<br \/>\n&nbsp;<\/p>\n<hr>\n<p>Les bouts de ficelle sont notre quotidien, les rustines \u00a0nos outils \u00a0et les astuces nos solutions. Les quelques sous que l&rsquo;on sollicite seront d\u00e9di\u00e9s \u00e0 l\u2019acquisition de:<\/p>\n<ul>\n<li>mat\u00e9riels techniques; amplis, micros, c\u00e2bles XLR, enregistreurs, compresseurs et r\u00e9gie mobile.<\/li>\n<li>mat\u00e9riels logistiques; tente, table, chaises, lumi\u00e8re, v\u00e9hicule et frais \u00a0li\u00e9s &#8230; un jour peut-\u00eatre.<\/li>\n<li>mat\u00e9riels administratifs, frais serveur, site et logiciels d&rsquo;automation et de diffusion, etc.<\/li>\n<\/ul>\n<p>D\u00e8s lors si tu \u00a0souhaites nous aider \u00e0 r\u00e9v\u00e9ler des mots bannis et remettre des paroles \u00e0 l&rsquo;index, soutien Libradio.org par un don, un leg , une id\u00e9e, une proposition de lieu, un contact: \u00a0libradio@libradio.org et un compte:<\/p>\n<hr>\n<p><strong>LibrAdio<\/strong>\u2502contact: info@libradio.org<\/p>\n<p>N\u00b0 de compte: 14-678432-2<br \/>\nN\u00b0 iBAN \u00a0CH92 0900 0000 1467 8432 2<br \/>\nCode BIC: POFICHBEXXX<\/p>\n","protected":false},"excerpt":{"rendered":"<p>Auditeur\u00b7e nous avons besoin de toi! Libradio postule la mobilit\u00e9 comme mode op\u00e9ratoire singulier. Prendre la parole ensemble et la redistribuer ensemble. &nbsp; Libradio, un m\u00e9dia critique, pour donner l&rsquo;occasion de dire autrement et faire diff\u00e9remment. &nbsp; Une radio pour faire raisonner les p\u00e9riph\u00e9ries comme nos centres diffus, c&rsquo;est l\u00e0 les seules pr\u00e9rogatives dont l&rsquo;on [&hellip;]<\/p>\n","protected":false},"author":2,"featured_media":0,"parent":3659,"menu_order":1,"comment_status":"open","ping_status":"open","template":"","meta":[],"_links":{"self":[{"href":"https:\/\/old.libradio.org\/index.php?rest_route=\/wp\/v2\/pages\/593"}],"collection":[{"href":"https:\/\/old.libradio.org\/index.php?rest_route=\/wp\/v2\/pages"}],"about":[{"href":"https:\/\/old.libradio.org\/index.php?rest_route=\/wp\/v2\/types\/page"}],"author":[{"embeddable":true,"href":"https:\/\/old.libradio.org\/index.php?rest_route=\/wp\/v2\/users\/2"}],"replies":[{"embeddable":true,"href":"https:\/\/old.libradio.org\/index.php?rest_route=%2Fwp%2Fv2%2Fcomments&post=593"}],"version-history":[{"count":25,"href":"https:\/\/old.libradio.org\/index.php?rest_route=\/wp\/v2\/pages\/593\/revisions"}],"predecessor-version":[{"id":4507,"href":"https:\/\/old.libradio.org\/index.php?rest_route=\/wp\/v2\/pages\/593\/revisions\/4507"}],"up":[{"embeddable":true,"href":"https:\/\/old.libradio.org\/index.php?rest_route=\/wp\/v2\/pages\/3659"}],"wp:attachment":[{"href":"https:\/\/old.libradio.org\/index.php?rest_route=%2Fwp%2Fv2%2Fmedia&parent=593"}],"curies":[{"name":"wp","href":"https:\/\/api.w.org\/{rel}","templated":true}]}}