{"id":747,"date":"2014-10-12T11:25:04","date_gmt":"2014-10-12T10:25:04","guid":{"rendered":"http:\/\/old.libradio.org\/?page_id=747"},"modified":"2018-02-26T03:37:39","modified_gmt":"2018-02-26T02:37:39","slug":"discours-radiophoniques","status":"publish","type":"page","link":"https:\/\/old.libradio.org\/?page_id=747","title":{"rendered":"Discours radiophoniques"},"content":{"rendered":"<p><font color=\"ww77kk\"><br \/>\nVoici pour initier cette nouvelle rubrique, une s\u00e9lection de discours radiophoniques \u00ab\u00a0c\u00e9l\u00e8bres\u00a0\u00bb. Les voix de W.Churchill, de Martin Luther King, de L\u00e9on Blum et de Malraux&#8230; quelques situations cl\u00e9s dont les mots radio-diffus\u00e9s ont peut-\u00eatre participer de changer le destin de la condition humaine.<\/p>\n<p>&nbsp;<\/p>\n<p>Sommaire [en hyper liens, les pages wiki d\u00e9di\u00e9es]<\/p>\n<p>1)<a href=\"http:\/\/fr.wikipedia.org\/wiki\/Jean_Jaur%C3%A8s\">Jean Jaur\u00e8s<\/a>. 2)<a href=\"http:\/\/fr.wikipedia.org\/wiki\/Suffragette\">Les Suffragettes<\/a>, 3) <a href=\"http:\/\/fr.wikipedia.org\/wiki\/L%C3%A9on_Blum\">L\u00e9on BLum<\/a>. 4)<a href=\"http:\/\/fr.wikipedia.org\/wiki\/Andr%C3%A9_Malraux\">Andr\u00e9 Malraux<\/a>. 5)L\u00e9on BLum. 6) <a href=\"http:\/\/fr.wikipedia.org\/wiki\/L%C3%A9on_Jouhaux\">L\u00e9on Jouhaux<\/a>. 7)<a href=\"http:\/\/fr.wikipedia.org\/wiki\/Winston_Churchill\">W. Churchill<\/a>. 8)Malraux. 9)<a href=\"http:\/\/fr.wikipedia.org\/wiki\/Franklin_Delano_Roosevelt\">F.D. Roosevelt<\/a>. 10)<a href=\"http:\/\/fr.wikipedia.org\/wiki\/Albert_Camus\">Albert Camus<\/a>. 11)<a href=\"http:\/\/fr.wikipedia.org\/wiki\/Martin_Luther_King\">Martin Luther King<\/a>. 12)<a href=\"http:\/\/fr.wikipedia.org\/wiki\/Salvador_Allende\">Salvador Allende<\/a>. 13)<a href=\"http:\/\/fr.wikipedia.org\/wiki\/Thomas_Sankara\">Thomas Sankara<\/a>. 14)<a href=\"http:\/\/fr.wikipedia.org\/wiki\/Aim%C3%A9_C%C3%A9saire\">Aim\u00e9 C\u00e9saire<\/a>. 15)<a href=\"http:\/\/fr.wikipedia.org\/wiki\/Patrice_Lumumba\">Patrice Lumumba<\/a>. 16)<a href=\"http:\/\/fr.wikipedia.org\/wiki\/Robert_Badinter\">Robert Badinter<\/a>.<\/p>\n<p>&nbsp;<\/p>\n<ul>\n<li>Relecture du discours de Jean Jaur\u00e8s \u00a025 juillet 1914. 6 jours avant son assassinat. <a href=\"http:\/\/www.youtube.com\/watch?v=CcEgxWFmLcE\">Youtube<\/a>.<\/li>\n<li>Les Suffragettes sur le droit de vote, le 29 juin 1936. L\u00e9on Blum est pr\u00e9sident du conseil qui compte 3 femmes au c\u00e9nacle, alors qu&rsquo;elles n&rsquo;ont point encore le droit de vote. <a href=\"http:\/\/www.youtube.com\/watch?v=0BWA0i5ZMdE&amp;list=PL40A7C806BB4417F4&amp;index=6\">Youtube<\/a>.<\/li>\n<li>L\u00e9on Blum et le Front populaire, radio-diffus\u00e9 depuis Toulouse, le 24 octobre 1936. 4&rsquo;36\u00a0\u00bb, <a href=\"http:\/\/www.youtube.com\/watch?v=ewJKn6XcMsg&amp;index=8&amp;list=PL40A7C806BB4417F4\">Youtoube<\/a>.<\/li>\n<li>Andr\u00e9 Malraux, raconte sa guerre d&rsquo;Espagne. 20 mars 1937. Dur\u00e9e 3&rsquo;36\u00a0\u00bb\u00a0<a href=\"http:\/\/www.youtube.com\/watch?v=gTty-syLDFs&amp;list=PL40A7C806BB4417F4&amp;index=10\">Youtoube<\/a>.<\/li>\n<li>L\u00e9on Blum rend hommage \u00e0 Roger Salengro, victime suicidaire des calomnies tous azimuts de l&rsquo;extr\u00eame droite. <a href=\"http:\/\/www.youtube.com\/watch?v=SOmyVec8m1E\">Youtoube<\/a>. Lille, 22 nov. 1936,<\/li>\n<li>L\u00e9on Jouhaux, syndicaliste \u00e9m\u00e9rite, \u00e9voque les occupations d&rsquo;usines en 1938, 1&rsquo;31\u00a0\u00bb. <a href=\"http:\/\/www.youtube.com\/watch?v=9X_Votxfrn0&amp;list=PL40A7C806BB4417F4&amp;index=13\">Youtube<\/a>.<\/li>\n<li>Churchill s&rsquo;adresse aux fran\u00e7ais, pour les exhorter \u00e0 la r\u00e9sistance. [\u00ab\u00a0du sang et des larmes\u00a0\u00bb] 21.10.1941. 13&rsquo;24\u00a0\u00bb. <a href=\"http:\/\/www.youtube.com\/watch?v=CHBCMjyHxwQ\">Youtoube<\/a>.<\/li>\n<li>Andr\u00e9 Malraux, discours \u00e0 l&rsquo;occasion du transfert des cendres de jean Moulin au Panth\u00e9on. le 19 d\u00e9cembre 1964. 3&rsquo;47\u00a0\u00bb. <a href=\"http:\/\/www.youtube.com\/watch?v=6JQAhUGbUsE\">Youtoube<\/a>.<\/li>\n<li>Radio Londres 1942. Annonce du d\u00e9barquement, par le pr\u00e9sident Roosevelt. 4&rsquo;36\u00a0\u00bb. <a href=\"http:\/\/www.youtube.com\/watch?v=VMzmW9XULHM\">Youtoube<\/a>.<\/li>\n<li>Discours d&rsquo;Albert Camus \u00e0 l&rsquo;occasion de la r\u00e9ception du prix Nobel de litt\u00e9rature, 10.12.1957. Dur\u00e9e 12&rsquo;55\u00a0\u00bb. <a href=\"http:\/\/www.youtube.com\/watch?v=M5QD-32MCv4\">Youtoube<\/a>.<\/li>\n<li>I Have a Dream, Martin Luther King, en 1963, 8&rsquo;59\u00a0\u00bb. <a href=\"http:\/\/www.youtube.com\/watch?v=8ryy7eP0kks\">Youtube<\/a>.<\/li>\n<li>Radio Magallanes. Dernier discours de Salvador Allende, le 11 septembre 1973. VO-s.t. FR, 6&rsquo;20\u00a0\u00bb. <a href=\"http:\/\/www.youtube.com\/watch?v=ufHIrEEl0_o\">Youtoube<\/a>.<\/li>\n<li>Thomas Sankara, discours FR surtitr\u00e9 ANGL depuis Harlem. Ann\u00e9e inconnue. <a href=\"http:\/\/www.youtube.com\/watch?v=ulD0_JfdEUc\">Youtoube<\/a>. \u00ab\u00a0CE qu&rsquo;il nous reste \u00e0 faire, c&rsquo;est faire la r\u00e9volution\u00a0\u00bb.<\/li>\n<li>Aim\u00e9 C\u00e9saire \u00e9voque sa rencontre avec L\u00e9pold S\u00e9dar Senghor, Ann\u00e9e inconnue, probablement 2002-2003, <a href=\"http:\/\/www.youtube.com\/watch?v=R6tBrVDNW1s\">Youtoube<\/a>, 3&rsquo;10\u00a0\u00bb<\/li>\n<li>Discours sur le colonialisme de Aim\u00e9 C\u00e9saire, extraits. Avignon, 17 juillet 1989 , <a href=\"http:\/\/www.youtube.com\/watch?v=BhE7X55QqPk\">Youtoube<\/a>. 11&rsquo;01 Lu par Antoine Vittez<\/li>\n<li>Patrice Lumumba, 5&rsquo;45, extrait de du discours du 30 juin 1960 lors de l&rsquo;ind\u00e9pendance du Congo [RDC\/Congo Kinshasa]. <a href=\"http:\/\/www.youtube.com\/watch?v=bN3rM0cCcps\">Youtoube<\/a>.<\/li>\n<li>Robert Badinter, discours int\u00e9gral \u00e0 l&rsquo;assembl\u00e9e nationale pour l&rsquo;abolition de la peine de mort. <a href=\"http:\/\/www.youtube.com\/watch?v=52vqUmwX--4\">Youtoube<\/a>, 17 septembre 1981, Dur\u00e9e 88&rsquo;33\u00a0\u00bb<\/li>\n<\/ul>\n","protected":false},"excerpt":{"rendered":"<p>Voici pour initier cette nouvelle rubrique, une s\u00e9lection de discours radiophoniques \u00ab\u00a0c\u00e9l\u00e8bres\u00a0\u00bb. Les voix de W.Churchill, de Martin Luther King, de L\u00e9on Blum et de Malraux&#8230; quelques situations cl\u00e9s dont les mots radio-diffus\u00e9s ont peut-\u00eatre participer de changer le destin de la condition humaine. &nbsp; Sommaire [en hyper liens, les pages wiki d\u00e9di\u00e9es] 1)Jean Jaur\u00e8s. [&hellip;]<\/p>\n","protected":false},"author":2,"featured_media":0,"parent":3659,"menu_order":6,"comment_status":"open","ping_status":"open","template":"","meta":[],"_links":{"self":[{"href":"https:\/\/old.libradio.org\/index.php?rest_route=\/wp\/v2\/pages\/747"}],"collection":[{"href":"https:\/\/old.libradio.org\/index.php?rest_route=\/wp\/v2\/pages"}],"about":[{"href":"https:\/\/old.libradio.org\/index.php?rest_route=\/wp\/v2\/types\/page"}],"author":[{"embeddable":true,"href":"https:\/\/old.libradio.org\/index.php?rest_route=\/wp\/v2\/users\/2"}],"replies":[{"embeddable":true,"href":"https:\/\/old.libradio.org\/index.php?rest_route=%2Fwp%2Fv2%2Fcomments&post=747"}],"version-history":[{"count":14,"href":"https:\/\/old.libradio.org\/index.php?rest_route=\/wp\/v2\/pages\/747\/revisions"}],"predecessor-version":[{"id":3753,"href":"https:\/\/old.libradio.org\/index.php?rest_route=\/wp\/v2\/pages\/747\/revisions\/3753"}],"up":[{"embeddable":true,"href":"https:\/\/old.libradio.org\/index.php?rest_route=\/wp\/v2\/pages\/3659"}],"wp:attachment":[{"href":"https:\/\/old.libradio.org\/index.php?rest_route=%2Fwp%2Fv2%2Fmedia&parent=747"}],"curies":[{"name":"wp","href":"https:\/\/api.w.org\/{rel}","templated":true}]}}