{"id":8763,"date":"2020-04-11T07:00:06","date_gmt":"2020-04-11T06:00:06","guid":{"rendered":"http:\/\/old.libradio.org\/?page_id=8763"},"modified":"2021-11-27T17:11:06","modified_gmt":"2021-11-27T16:11:06","slug":"radio-paquis","status":"publish","type":"page","link":"https:\/\/old.libradio.org\/?page_id=8763","title":{"rendered":"Radio P\u00e2quis"},"content":{"rendered":"<p><a href=\"https:\/\/old.libradio.org\/wp-content\/uploads\/2020\/04\/rp.png\"><img decoding=\"async\" loading=\"lazy\" src=\"https:\/\/old.libradio.org\/wp-content\/uploads\/2020\/04\/rp.png\" alt=\"\" width=\"400\" height=\"251\" class=\"aligncenter size-full wp-image-8776\" \/><\/a><br \/>\n&nbsp;<br \/>\nEn pied de page les archives du 1er cycle.<br \/>\n&nbsp;<\/p>\n<p style=\"font-family:courier;\">\n<FONT SIZE=\"6\"><strong><font color=#0000FF>RADIO-P\u00c2QUIS<\/strong><\/FONT><\/font color><\/font><\/p>\n<hr>\n<p>&nbsp;<br \/>\nSous peu une salve de podcast que la nouvelle \u00e9quipe de Radio P\u00e2quis pr\u00e9pare en ce moment m\u00eame!<br \/>\nVoici une premi\u00e8re capsule pour annoncer et relayer l&rsquo;exposition de M\u00e9decins sans Fronti\u00e8res section Suisse pour le 50\u00e8me de MSF.<br \/>\n&nbsp;<br \/>\nC&rsquo;est \u00e0 l&rsquo;Humanit&rsquo;Art, galerie sise 14 rue du Diorama, l&rsquo;on s&rsquo;y rend avec les trams 15 et 18 et les bus 1,2,3 etc.. arr\u00eat \u00ab\u00a0Cirque\u00a0\u00bb.<br \/>\n&nbsp;<br \/>\nEntretien avec Amy Mavor le vendredi 26 novembre 2021. \u00ab\u00a0MSF: Retour sur 50 ans d&rsquo;humanit\u00e9\u00a0\u00bb du 17.11 au 23.12.2021. Mar-vend 14h-18h30 et sam 14h-17h<br \/>\n&nbsp;<br \/>\n<iframe loading=\"lazy\" width=\"310\" height=\"195\" src=\"https:\/\/www.youtube.com\/embed\/-lpwHw8d8cw\" title=\"YouTube video player\" frameborder=\"0\" allow=\"accelerometer; autoplay; clipboard-write; encrypted-media; gyroscope; picture-in-picture\" allowfullscreen><\/iframe><br \/>\n&nbsp;<br \/>\n<!--[if lt IE 9]><script>document.createElement('audio');<\/script><![endif]-->\n<audio class=\"wp-audio-shortcode\" id=\"audio-8763-1\" preload=\"none\" style=\"width: 100%;\" controls=\"controls\"><source type=\"audio\/mpeg\" src=\"https:\/\/old.libradio.org\/wp-content\/uploads\/2021\/11\/RP_MSF_Master.mp3?_=1\" \/><a href=\"https:\/\/old.libradio.org\/wp-content\/uploads\/2021\/11\/RP_MSF_Master.mp3\">https:\/\/old.libradio.org\/wp-content\/uploads\/2021\/11\/RP_MSF_Master.mp3<\/a><\/audio> <a href=\"https:\/\/old.libradio.org\/wp-content\/uploads\/2021\/11\/RP_MSF_Master.mp3\"><strong>\u00c9coute et t\u00e9l\u00e9chargement<\/strong><\/a><\/p>\n<hr>\n<p>&nbsp;<br \/>\nSeptembre 2021 approche. Une nouvelle \u00e9quipe devrait endosser l&rsquo;h\u00e9ritage de Radio-P\u00e2quis canal initial. Issue du premier confinement, une radio contributive, participative et par contumace. Nombreuses furent les contingences avec lesquelles nous d\u00fbmes cohabiter.<br \/>\n&nbsp;<br \/>\nD\u00e9sormais plus sereins, les temps sont propices \u00e0 la relance du projet op\u00e9rationnel. Ainsi une premi\u00e8re rencontre informelle, en forme de pique-nique aux pr\u00e9s invite aux partages collectifs horizontaux et bienveillants autour du projet commun. <a href=\"https:\/\/doodle.com\/meeting\/participate\/id\/PdR6WqEd\" rel=\"noopener\" target=\"_blank\"><strong><u>AGENDA<\/u><\/strong><\/a><br \/>\n&nbsp;<br \/>\nIci un agenda en ligne avec quelques propositions de dates. R\u00e9pons promptement et en cas de question, n&rsquo;h\u00e9site pas \u00e0 nous contacter!<br \/>\n&nbsp;<br \/>\nClip d&rsquo;annonce du retour imminent de Radio P\u00e2quis<br \/>\n<iframe loading=\"lazy\" width=\"310\" height=\"185\" src=\"https:\/\/www.youtube.com\/embed\/F48F0wqzfQA\" title=\"YouTube video player\" frameborder=\"0\" allow=\"accelerometer; autoplay; clipboard-write; encrypted-media; gyroscope; picture-in-picture\" allowfullscreen><\/iframe> <iframe loading=\"lazy\" width=\"310\" height=\"185\" src=\"https:\/\/www.youtube.com\/embed\/yEtLoph5yq0\" title=\"YouTube video player\" frameborder=\"0\" allow=\"accelerometer; autoplay; clipboard-write; encrypted-media; gyroscope; picture-in-picture\" allowfullscreen><\/iframe><br \/>\n&nbsp;<\/p>\n<hr>\n<p>&nbsp;<br \/>\n&nbsp;<\/p>\n<li>Radio P\u00e2quis, une radio inclusive, bienveillante et participative avec, pour et par les Habitantexs des P\u00e2quis \u00e0 Gen\u00e8ve.<\/li>\n<p>&nbsp;<br \/>\nContact et lien des LIVE par les pages FCB<br \/>\n<strong><a href=\"https:\/\/www.facebook.com\/Radiopaquis\/\" rel=\"noopener\" target=\"_blank\">Radio P\u00e2quis<\/a><\/strong> | <strong><a href=\"https:\/\/www.facebook.com\/groups\/513476832121061\/\" rel=\"noopener\" target=\"_blank\">Info P\u00e2quis.<\/a><\/strong><\/center><br \/>\n&nbsp;<br \/>\nRejoins l&rsquo;\u00e9quip\u00e9e sauvage. Que tu sois du coin ou du voisinage intergalactique. Une place est l\u00e0 pour toi, Inconditionnellement. Tu puis nous faire un mail \u00e0 : <strong><a href=\"mailto:Infospaquis@gmail.com\" rel=\"noopener\" target=\"_blank\">Infospaquis@gmail.com<\/a><\/strong><br \/>\n&nbsp;<br \/>\n<font size =2\"><strong><u>Appel<\/strong>: Musiciens et groupes qui d\u00e9sirez diffuser votre musique sur les ondes; approchez! Artistes tous azimuts, venez parler de vos univers! Po\u00e8tes vos papiers!<\/u> (In Memoriam: L\u00e9o Ferr\u00e9).<\/font><br \/>\n&nbsp;<br \/>\nPremier jingle Radio P\u00e2quis: <a href=\"https:\/\/old.libradio.org\/wp-content\/uploads\/2020\/04\/RP_Jingle1.mp3\"><strong>\u00c9coute et T\u00e9l\u00e9chargement<\/strong><\/a><br \/>\nDeuxi\u00e8me jingle Radio P\u00e2quis: <a href=\"https:\/\/old.libradio.org\/wp-content\/uploads\/2020\/04\/Jingle_RP_3.mp3\"><strong>\u00c9coute et T\u00e9l\u00e9chargement<\/strong><\/a><br \/>\nTroisi\u00e8me jingle Radio P\u00e2quis: <a href=\"https:\/\/old.libradio.org\/wp-content\/uploads\/2020\/04\/RP_Jingle_3.mp3\"><strong>\u00c9coute et T\u00e9l\u00e9chargement<\/strong><\/a><br \/>\n&nbsp;<\/p>\n<hr>\n<p><center>PODCAST<\/center><\/p>\n<hr>\n<p>&nbsp;<br \/>\nI|\u00c9mission #1|01.04.2020<br \/>\n_Faux Live. Pr\u00e9sentation de l&rsquo;\u00e9quipe actuelle de r\u00e9daction. Poreuse toujours, r\u00e9sign\u00e9e jamais!<br \/>\n<iframe loading=\"lazy\" width=\"350\" height=\"200\" src=\"https:\/\/www.youtube.com\/embed\/yTxcVM_vlP4\" frameborder=\"0\" allow=\"accelerometer; autoplay; encrypted-media; gyroscope; picture-in-picture\" allowfullscreen><\/iframe><\/p>\n<li>L&rsquo;\u00e9quipe de r\u00e9daction se pr\u00e9sente \u00e0 l&rsquo;aune des rubriques qui auront cours sur Radio P\u00e2quis. Un tour de table pour inviter toutes personnes int\u00e9ress\u00e9es \u00e0 rejoindre la gangue comme invit\u00e9exs, chroniqueuses ou techniciennexs. Bienvenue!<\/li>\n<p><a href=\"https:\/\/old.libradio.org\/wp-content\/uploads\/2020\/04\/RP_Emission_0_Master.mp3\"><strong>\u00c9coute et T\u00e9l\u00e9chargement<\/strong><\/a><\/p>\n<ol>\nLIENS ACCOL\u00c9S<br \/>\n_Playlist de l&rsquo;\u00e9mission<br \/>\n.The Ramones-What a wonderful world<br \/>\n.Charles Trenet-Y&rsquo;a d&rsquo;la joie<br \/>\n.James Brown-I feel good<br \/>\n.The Doors-People are strange<br \/>\n.Chopin-Nocturne op.9 N\u00b02<br \/>\n.Mozart-Requiem kv626 (extrait)<br \/>\n.System of a down-Lonely day\n<\/ol>\n<hr>\n<p>&nbsp;<br \/>\nII|\u00c9mission #2|11.04.2020<br \/>\n_Intro par l&rsquo;\u00e9quipe de r\u00e9daction et trois rubriques. Podcast disponible en Mp3 et Mp4 \u00e0 l&rsquo;\u00e9coute et au t\u00e9l\u00e9chargement.<br \/>\n<iframe loading=\"lazy\" width=\"350\" height=\"200\" src=\"https:\/\/www.youtube.com\/embed\/s6eh7Wh8-AA\" frameborder=\"0\" allow=\"accelerometer; autoplay; encrypted-media; gyroscope; picture-in-picture\" allowfullscreen><\/iframe><\/p>\n<li>Intro de l&rsquo;\u00e9quipe de r\u00e9daction >6&rsquo;30 Premi\u00e8re rubrique, Cei\u00e7a, \u00ab\u00a0Le journal positif\u00a0\u00bb >23&rsquo;45. Edgar, \u00ab\u00a0Chronique sur la m\u00e9ditation\u00a0\u00bb >39&rsquo;30 et Nathalie \u00ab\u00a0La biblioth\u00e8que de Nathalie\u00a0\u00bb.<\/li>\n<p><a href=\"https:\/\/old.libradio.org\/wp-content\/uploads\/2020\/04\/RP_1_Master.mp3\"><strong>\u00c9coute et T\u00e9l\u00e9chargement<\/strong>t<\/a><\/p>\n<ol>\nLIENS ACCOL\u00c9S<br \/>\n[https:\/\/www.payot.ch\/Detail\/le_prince_dragon-thich_nhat_hanh-9782702907498?fp=1]<br \/>\n<a href=\"https:\/\/old.libradio.org\/wp-content\/uploads\/2020\/04\/Le-prince-dragon.png\"><img decoding=\"async\" loading=\"lazy\" src=\"https:\/\/old.libradio.org\/wp-content\/uploads\/2020\/04\/Le-prince-dragon.png\" alt=\"\" width=\"295\" height=\"499\" class=\"aligncenter size-full wp-image-8805\" srcset=\"https:\/\/old.libradio.org\/wp-content\/uploads\/2020\/04\/Le-prince-dragon.png 295w, https:\/\/old.libradio.org\/wp-content\/uploads\/2020\/04\/Le-prince-dragon-177x300.png 177w\" sizes=\"(max-width: 295px) 100vw, 295px\" \/><\/a><br \/>\n_Playlist de l&rsquo;\u00e9mission:<br \/>\n.Jethro Tull-Living in the past<br \/>\n.Vava-My new swag<br \/>\n.Pink FLoyd-Careful with taht Axe Eugene\n<\/ol>\n<hr>\n<p>III|\u00c9mission #3|15.04.2020<br \/>\nEn direct et en compagnie de \u00ab\u00a0Une P\u00e2quisarde\u00a0\u00bb, nous \u00e9coutons la Maison de Quartier des P\u00e2quis.<br \/>\n<iframe loading=\"lazy\" width=\"350\" height=\"200\" src=\"https:\/\/www.youtube.com\/embed\/AoxDJ0lOW3g\" frameborder=\"0\" allow=\"accelerometer; autoplay; encrypted-media; gyroscope; picture-in-picture\" allowfullscreen><\/iframe><\/p>\n<li>Entretien avec Sarah et Eni, deux professionnel\u00b7le\u00b7s de la MQP-Maison de Quartier des P\u00e2quis. Quelle situation au devant de la crise sanitaire qui nous assi\u00e8ge.<br \/>\n&nbsp;<br \/>\nComment garder le contact avec les usager.e.s nombreuxses des lieux et quelles activit\u00e9s peuvent encore avoir cours? La Traverse lance un appel \u00e0 participation citoyenne pour sa programmation et les centres a\u00e9r\u00e9s d&rsquo;\u00e9t\u00e9 sont maintenus pour le moment. Formulaire de pr\u00e9-inscription dans les liens.<br \/>\n<a href=\"https:\/\/old.libradio.org\/wp-content\/uploads\/2020\/04\/RP_E3_Master.mp3\"><strong>\u00c9coute et T\u00e9l\u00e9chargement<\/strong><\/a><\/p>\n<ol>\nLIENS ACCOL\u00c9S<br \/>\n[http:\/\/www.mqpaquis.ch\/]<br \/>\n<a href=\"https:\/\/old.libradio.org\/wp-content\/uploads\/2020\/04\/Centre_a\u00e9r\u00e9_MQP.pdf\"><strong>Formulaire de pr\u00e9-inscrition<\/strong><\/a><br \/>\n<a href=\"https:\/\/old.libradio.org\/wp-content\/uploads\/2020\/04\/mqp_ill_1.png\"><img decoding=\"async\" loading=\"lazy\" src=\"https:\/\/old.libradio.org\/wp-content\/uploads\/2020\/04\/mqp_ill_1-300x183.png\" alt=\"\" width=\"300\" height=\"183\" class=\"aligncenter size-medium wp-image-8822\" srcset=\"https:\/\/old.libradio.org\/wp-content\/uploads\/2020\/04\/mqp_ill_1-300x183.png 300w, https:\/\/old.libradio.org\/wp-content\/uploads\/2020\/04\/mqp_ill_1-768x469.png 768w, https:\/\/old.libradio.org\/wp-content\/uploads\/2020\/04\/mqp_ill_1-1024x625.png 1024w, https:\/\/old.libradio.org\/wp-content\/uploads\/2020\/04\/mqp_ill_1-600x366.png 600w, https:\/\/old.libradio.org\/wp-content\/uploads\/2020\/04\/mqp_ill_1.png 1180w\" sizes=\"(max-width: 300px) 100vw, 300px\" \/><\/a><br \/>\n_Playlist de l&rsquo;\u00e9mission:<br \/>\n.Herbie Hancock, Three Wishes, interpr\u00e9t\u00e9 par Donald Byrd and co<br \/>\n.\u00a0\u00bbCoronavirus Rhapsody\u00a0\u00bb. Vocals by Adrian Grimes. Lyrics by Dana Jay Bein<br \/>\nMusic by Queen\n<\/ol>\n<hr>\n<p>IV|\u00c9mission #4|16.04.2020<br \/>\nEn direct, une \u00e9mission vesp\u00e9rale \u00e0 22h pour des Intrigues qui nous conduisent sur les chemins de la r\u00e9alit\u00e9 parfois trouble, parfois myst\u00e9rieux et toujours singuli\u00e8re.<br \/>\n<iframe loading=\"lazy\" width=\"350\" height=\"200\" src=\"https:\/\/www.youtube.com\/embed\/bmiqwPKI3tg\" frameborder=\"0\" allow=\"accelerometer; autoplay; encrypted-media; gyroscope; picture-in-picture\" allowfullscreen><\/iframe><br \/>\n<a href=\"https:\/\/old.libradio.org\/wp-content\/uploads\/2020\/04\/RP_E4_Master.mp3\"><strong>\u00c9coute et T\u00e9l\u00e9chargement<\/strong><\/a><\/p>\n<li>Philippe Andoque, animateur et producteur, voix off notamment \u00e0 la RTS, divulgue quelques astuces du m\u00e9tier et l\u00e8ve le voile sur cette profession de l&rsquo;ombre, dont on voit si peu et que pourtant l&rsquo;on entend et l&rsquo;on m\u00e9morise. Doubler une voix ou la poser sur des jeux, des documentaires ou ici des \u00ab\u00a0Intrigues\u00a0\u00bb \u00e0 d\u00e9couvrir sous peu sur Radio P\u00e2quis!<\/li>\n<p><a href=\"https:\/\/old.libradio.org\/wp-content\/uploads\/2020\/04\/RP_E4_Master-1.mp3\"><strong>\u00c9coute et T\u00e9l\u00e9chargement<\/strong><\/a><\/p>\n<ol>\nLIENS ACCOL\u00c9S<br \/>\n[https:\/\/www.instagram.com\/philippeandoque\/]<br \/>\n[https:\/\/philippeandoque.com\/]<br \/>\n_Playlist de l&rsquo;\u00e9mission<br \/>\n. Bon Jovi, It&rsquo;s my life<br \/>\n. The Cure, Boys don&rsquo;t cry\n<\/ol>\n<hr>\n<p>V| \u00c9mission#5 | S.18.04.2020<br \/>\n<iframe loading=\"lazy\" width=\"350\" height=\"200\" src=\"https:\/\/www.youtube.com\/embed\/aOIA2N-8-6s\" frameborder=\"0\" allow=\"accelerometer; autoplay; encrypted-media; gyroscope; picture-in-picture\" allowfullscreen><\/iframe><\/p>\n<li>\u00c9mission LIVE, o\u00f9 l&rsquo;on annonce la prochaine rubrique de Marine, o\u00f9 l&rsquo;on \u00e9coute une P\u00e2quisarde slamer, o\u00f9 l&rsquo;on entend un projet culturel transversal prendre forme et avant out o\u00f9 l&rsquo;on commence par le Journal positif!<\/li>\n<p><a href=\"https:\/\/old.libradio.org\/wp-content\/uploads\/2020\/04\/RP_E5_Master-1.mp3\"><strong>\u00c9coute et T\u00e9l\u00e9chargement<\/strong><\/a><\/p>\n<ol>\nLIENS ACCOL\u00c9S<br \/>\n[https:\/\/tragedie.ch\/]<br \/>\n[https:\/\/www.instagram.com\/latragedie_geneve\/]<br \/>\n[https:\/\/www.facebook.com\/LaTragedieGE\/]<br \/>\n_Playlist de l&rsquo;\u00e9mission<br \/>\n. Jacques Brel, L&rsquo;aventure<br \/>\n. Sinsemilia, Tout Le Bonheur Du Monde<br \/>\n. Natiruts, Na Positiva<br \/>\n. Danitsa, Captain<br \/>\n. Aston Villa, Je raisonne\n<\/ol>\n<hr>\n<p>VI| \u00c9mission#6 | D.19.04.2020<br \/>\n<iframe loading=\"lazy\" width=\"350\" height=\"200\" src=\"https:\/\/www.youtube.com\/embed\/VRVmnjFszUk\" frameborder=\"0\" allow=\"accelerometer; autoplay; encrypted-media; gyroscope; picture-in-picture\" allowfullscreen><\/iframe><\/p>\n<li>\u00c9mission LIVE. L&rsquo;on parle de la Chine, on apprend l&rsquo;anglais, on \u00e9coute un conte et on parle musique actuelle et solidaire. Bienvenue sur Radio P\u00e2quis!<\/li>\n<p><a href=\"https:\/\/old.libradio.org\/wp-content\/uploads\/2020\/04\/RP__E6_Master.mp3\"><strong>\u00c9coute et T\u00e9l\u00e9chargemen<\/strong>t<\/a><\/p>\n<ol>\nLIENS ACCOL\u00c9S<br \/>\nLion Messager [https:\/\/www.youtube.com\/channel\/UCWo-00FsRxFmnymgtUdeOkQ]<br \/>\n_Playlist de l&rsquo;\u00e9mission<br \/>\n. Pixies, Where is my mind<br \/>\n. Berovka<br \/>\n. Jetho Tull, Living in the past<br \/>\n. Vava, My new swag<br \/>\n. Lion Message, Pand\u00e9mie<br \/>\n. Lion Message et Micah Shemaiah, We Love<br \/>\n. Tricky, Hell is round the corner\n<\/ol>\n<hr>\n<p>&nbsp;<br \/>\nVII| \u00c9mission#7 | S.25.04.2020 | En cours de r\u00e9\u00e9coute en vue de publication<br \/>\n<iframe loading=\"lazy\" width=\"350\" height=\"200\" src=\"https:\/\/www.youtube.com\/embed\/iyYctckV2IY\" frameborder=\"0\" allow=\"accelerometer; autoplay; encrypted-media; gyroscope; picture-in-picture\" allowfullscreen><\/iframe><\/p>\n<li>Deux parties pour une \u00e9mission plut\u00f4t dense. D&rsquo;abord les rubriques r\u00e9guli\u00e8res et n\u00e9cessaires: le Journal Positif de Cei\u00e7a et un invit\u00e9: Antoine Marguier, chef d&rsquo;orchestre et fondateur de l&rsquo;Orchestre des Nations \u00e0 Gen\u00e8ve, notamment accol\u00e9 \u00e0 la Cha\u00eene du Bonheur pour les projets solidaires.<br \/>\n&nbsp;<br \/>\nPuis, Le Slam de la P\u00e2quisarde s&rsquo;int\u00e9resse aux Bains des P\u00e2quis: que raconteraient les galets qui y si\u00e8gent s&rsquo;ils pouvaient parler&#8230; Chronique de Chine, l&rsquo;on parle du bouddhisme dans l&rsquo;Empire du Milieu, en Chine par Caro. Et enfin; English Workout par Jonny, le\u00e7on d&rsquo;anglais depuis son canap\u00e9 du confinement.<br \/>\n&nbsp;<br \/>\nDeuxi\u00e8me partie en forme d&rsquo;hommage \u00e0 deux \u00e9pisodes de notre histoire contemporaine. La lib\u00e9ration du joug nazifasciste en Italie le 25 avril 1945 et la R\u00e9volution des \u0152illets au Portugal le 25 avril 1974. Clin d\u2019\u0153il musical pour la premi\u00e8re occurrence puis une discussion tous azimuts en compagnie de Charlotte, historienne, Ivane et Mauro , membre de l&rsquo;Association A25A pour la sauvegarde et la promotion de la m\u00e9moire du 25 avril. [http:\/\/a25a.ch\/]<br \/>\n<a href=\"https:\/\/old.libradio.org\/wp-content\/uploads\/2020\/04\/RP_E7.2_Oeillets_Master_25.04.2020.mp3\"><strong>\u00c9coute et T\u00e9l\u00e9chargement<\/strong><\/a>\n<\/li>\n<ol>\n&nbsp;<br \/>\nLIENS ACCOL\u00c9S<br \/>\n[https:\/\/orchestredesnations.com\/]<br \/>\n[https:\/\/www.veroniquejourdain.com\/fr\/antoine-marguier\/]<br \/>\n[https:\/\/www.facebook.com\/OrchestredesNations\/]<br \/>\n[https:\/\/www.youtube.com\/user\/UNOrchestraGeneva]<br \/>\n<iframe loading=\"lazy\" width=\"350\" height=\"200\" src=\"https:\/\/www.youtube.com\/embed\/JA0PCNW7LbE\" frameborder=\"0\" allow=\"accelerometer; autoplay; encrypted-media; gyroscope; picture-in-picture\" allowfullscreen><\/iframe>\n<\/ol>\n<hr>\n<p>&nbsp;<br \/>\nVIII| \u00c9mission #8 | D.26.04.2020<br \/>\n<iframe loading=\"lazy\" width=\"350\" height=\"200\" src=\"https:\/\/www.youtube.com\/embed\/M_Df6J0xi2o\" frameborder=\"0\" allow=\"accelerometer; autoplay; encrypted-media; gyroscope; picture-in-picture\" allowfullscreen><\/iframe><\/p>\n<li>\u00c9mission LIVE du dimanche soir. L&rsquo;on d\u00e9bute pas une interview. Une P\u00e2quisarde re\u00e7oit Milouska, travailleuse sociale au Cycle de S\u00e9cheron pour parler de la campagne de r\u00e9colte de fond de \u00ab\u00a0Coup de Pouce\u00a0\u00bb une association d&rsquo;entraide au Cycle. Puis nous y retrouvons Marine et les Chemins du Sommeil, pour un conte et une po\u00e9sie. Ce soir c&rsquo;est la Polyn\u00e9sie qui est \u00e0 l&rsquo;honneur. Et enfin l&rsquo;on \u00e9coute Philippe Andoque pour \u00ab\u00a0Intrigues\u00a0\u00bb deuxi\u00e8me \u00e9pisode. Bonne \u00e9coute et \u00e0 samedi prochain 10h30<\/li>\n<p><a href=\"https:\/\/old.libradio.org\/wp-content\/uploads\/2020\/04\/RP_E8_26.04.2020_Master-1.mp3\"><strong>\u00c9coute et T\u00e9l\u00e9chargement<\/strong><\/a><\/p>\n<ol>\n&nbsp;<br \/>\nLIENS ACCOL\u00c9S<br \/>\n\u00ab\u00a0Coup de Pouce\u00a0\u00bb, 10.- ann\u00e9e pour devenir membre . Dons bienvenus!: CCP: 14-622425-3<br \/>\n\u00ab\u00a0Les Chemins du Sommeil\u00a0\u00bb Une po\u00e9sie de Jos\u00e9 Saramago et un conte de Tahiti.<br \/>\nCanal Youtoube: <strong><a href=\"https:\/\/www.youtube.com\/channel\/UCKDyWbgBI9AKRxUjJWDnYXg\" rel=\"noopener\" target=\"_blank\">Radio P\u00e2quis<\/a><\/strong><br \/>\n_Playlist de l&rsquo;\u00e9mission<br \/>\n.Allain Leprest, C&rsquo;est peut-\u00eatre<br \/>\n. Pepena, My Island Home<br \/>\n. Bobby Holcomb et Angelo Neuffer, My Island Home<br \/>\n. Iggy Pop, Nightclubbing\n<\/ol>\n<hr>\n<p>&nbsp;<br \/>\nIX| \u00c9mission #9 | S.02.05.2020<br \/>\n<a href=\"https:\/\/old.libradio.org\/wp-content\/uploads\/2020\/05\/RP_Visu_02.05.2020.png\"><img decoding=\"async\" loading=\"lazy\" src=\"https:\/\/old.libradio.org\/wp-content\/uploads\/2020\/05\/RP_Visu_02.05.2020-300x280.png\" alt=\"\" width=\"300\" height=\"280\" class=\"aligncenter size-medium wp-image-9010\" srcset=\"https:\/\/old.libradio.org\/wp-content\/uploads\/2020\/05\/RP_Visu_02.05.2020-300x280.png 300w, https:\/\/old.libradio.org\/wp-content\/uploads\/2020\/05\/RP_Visu_02.05.2020-768x716.png 768w, https:\/\/old.libradio.org\/wp-content\/uploads\/2020\/05\/RP_Visu_02.05.2020-1024x955.png 1024w, https:\/\/old.libradio.org\/wp-content\/uploads\/2020\/05\/RP_Visu_02.05.2020-600x560.png 600w, https:\/\/old.libradio.org\/wp-content\/uploads\/2020\/05\/RP_Visu_02.05.2020.png 1490w\" sizes=\"(max-width: 300px) 100vw, 300px\" \/><\/a><\/p>\n<li>Point de Journal Positif qui est juste report\u00e9 au lendemain, mais une bonne nouvelle \u00e9galement ou un objet \u00e9gar\u00e9 a retrouv\u00e9 son possesseur dans le ti\u00e9quar. Nous \u00e9coutons \u00e9galement Les Cr\u00e9ateliers qui nous manquent tant! Nos rubriques habituelles ensuite pour finir par une interview r\u00e9alis\u00e9e \u00e0 l&rsquo;occasion du Premier Mai et qui concerne les stagiaires de l&rsquo;ONU toute proche des P\u00e2quis. Bonne \u00e9coute!<\/li>\n<p><a href=\"https:\/\/old.libradio.org\/wp-content\/uploads\/2020\/05\/RP_02.05.2020_final.mp3\"><strong>\u00c9coute et T\u00e9l\u00e9chargement<\/strong><\/a><\/p>\n<ol>\nLIENS ACCOL\u00c9S<br \/>\n[https:\/\/lescreateliers.ch\/]<br \/>\n[https:\/\/www.facebook.com\/PayYourInterns\/]<br \/>\n[https:\/\/old.libradio.org\/?page_id=8832]<br \/>\n_Playlist de l&rsquo;\u00e9mission<br \/>\n.Yann Tiersen<br \/>\n. La Dr\u00f4le de Vie<br \/>\n&#8230;sous peu\n<\/ol>\n<p>&nbsp;<\/p>\n<hr>\n<p>X| \u00c9mission #10 | D.03.05.2020<br \/>\n<a href=\"https:\/\/old.libradio.org\/wp-content\/uploads\/2020\/05\/rp_03.05.2020.png\"><img decoding=\"async\" loading=\"lazy\" src=\"https:\/\/old.libradio.org\/wp-content\/uploads\/2020\/05\/rp_03.05.2020-300x206.png\" alt=\"\" width=\"300\" height=\"206\" class=\"aligncenter size-medium wp-image-9012\" srcset=\"https:\/\/old.libradio.org\/wp-content\/uploads\/2020\/05\/rp_03.05.2020-300x206.png 300w, https:\/\/old.libradio.org\/wp-content\/uploads\/2020\/05\/rp_03.05.2020-768x528.png 768w, https:\/\/old.libradio.org\/wp-content\/uploads\/2020\/05\/rp_03.05.2020-1024x704.png 1024w, https:\/\/old.libradio.org\/wp-content\/uploads\/2020\/05\/rp_03.05.2020-600x413.png 600w, https:\/\/old.libradio.org\/wp-content\/uploads\/2020\/05\/rp_03.05.2020.png 1724w\" sizes=\"(max-width: 300px) 100vw, 300px\" \/><\/a><br \/>\n&nbsp;<\/p>\n<li>Portrait de Pierre le Ludoth\u00e9caire pour la premi\u00e8re de le nouvelle rubrique hebdomadaire du dimanche soir: Le Ptit Mot de la Ludo. Chaque semaine une personne du giron nous en parle depuis sa position. \u00c9galement l&rsquo;Appel du 04 mai, avec Fr\u00e9d\u00e9ric Choffat, photographe et r\u00e9alisateur, qui promeut l&rsquo;appel transversal, citoyen et bienveillant: \u00ab\u00a0Pour une reprise humaniste, locale et durable!\u00a0\u00bb<br \/>\nLes Chemins du soleil enchantent nos ou\u00efes, ce soir un conte tzigane! Le journal positif nous rend optimiste! Qui re\u00e7oit ce soir la fondatrice et directrice du Centre p\u00e9dagogique: La Ronde des Petit Marie Maude PETERS<\/li>\n<p><a href=\"https:\/\/old.libradio.org\/wp-content\/uploads\/2020\/05\/RP_E10LIVE_03.05.2020_Master.mp3\"><strong>\u00c9coute et T\u00e9l\u00e9chargement<\/strong><\/a><\/p>\n<ol>\nLIENS ACCOL\u00c9S<br \/>\n[https:\/\/www.larondedespetits.ch\/]<br \/>\n[https:\/\/appeldu4mai.ch\/]<br \/>\n[https:\/\/www.facebook.com\/appeldu4mai\/]<br \/>\n[https:\/\/www.facebook.com\/groups\/toutcommence\/]<br \/>\n_Playlist de l&rsquo;\u00e9mission<br \/>\n&#8230;.sous peu\n<\/ol>\n<hr>\n<p>&nbsp;<br \/>\n&nbsp;<br \/>\n&nbsp;<br \/>\n&nbsp;<br \/>\n&nbsp;<br \/>\n&nbsp;<br \/>\n&nbsp;<br \/>\n&nbsp;<br \/>\n&nbsp;<br \/>\n&nbsp;<br \/>\n&nbsp;<br \/>\n&nbsp;<br \/>\n&nbsp;<br \/>\n&nbsp;<br \/>\n&nbsp;<br \/>\n&nbsp;<br \/>\n&nbsp;<br \/>\n&nbsp;<br \/>\n&nbsp;<br \/>\n&nbsp;<br \/>\n&nbsp;<br \/>\n&nbsp;<br \/>\n\u00c9m.11|_Live_S.09.05.2020<br \/>\n<audio class=\"wp-audio-shortcode\" id=\"audio-8763-2\" preload=\"none\" style=\"width: 100%;\" controls=\"controls\"><source type=\"audio\/mpeg\" src=\"https:\/\/old.libradio.org\/wp-content\/uploads\/2020\/05\/RP_E11_09.05.2020_Master.mp3?_=2\" \/><a href=\"https:\/\/old.libradio.org\/wp-content\/uploads\/2020\/05\/RP_E11_09.05.2020_Master.mp3\">https:\/\/old.libradio.org\/wp-content\/uploads\/2020\/05\/RP_E11_09.05.2020_Master.mp3<\/a><\/audio><br \/>\n\u00c9m.12|_Live_D.10.05.2020<br \/>\n<audio class=\"wp-audio-shortcode\" id=\"audio-8763-3\" preload=\"none\" style=\"width: 100%;\" controls=\"controls\"><source type=\"audio\/mpeg\" src=\"https:\/\/old.libradio.org\/wp-content\/uploads\/2020\/05\/RP_E12_10.05.2020_Master.mp3?_=3\" \/><a href=\"https:\/\/old.libradio.org\/wp-content\/uploads\/2020\/05\/RP_E12_10.05.2020_Master.mp3\">https:\/\/old.libradio.org\/wp-content\/uploads\/2020\/05\/RP_E12_10.05.2020_Master.mp3<\/a><\/audio><br \/>\n&nbsp;<br \/>\n&nbsp;<br \/>\n&nbsp;<br \/>\n&nbsp;<br \/>\n&nbsp;<br \/>\n&nbsp;<br \/>\n&nbsp;<\/p>\n","protected":false},"excerpt":{"rendered":"<p>&nbsp; En pied de page les archives du 1er cycle. &nbsp; RADIO-P\u00c2QUIS &nbsp; Sous peu une salve de podcast que la nouvelle \u00e9quipe de Radio P\u00e2quis pr\u00e9pare en ce moment m\u00eame! Voici une premi\u00e8re capsule pour annoncer et relayer l&rsquo;exposition de M\u00e9decins sans Fronti\u00e8res section Suisse pour le 50\u00e8me de MSF. &nbsp; C&rsquo;est \u00e0 l&rsquo;Humanit&rsquo;Art, [&hellip;]<\/p>\n","protected":false},"author":2,"featured_media":0,"parent":0,"menu_order":0,"comment_status":"closed","ping_status":"closed","template":"","meta":[],"_links":{"self":[{"href":"https:\/\/old.libradio.org\/index.php?rest_route=\/wp\/v2\/pages\/8763"}],"collection":[{"href":"https:\/\/old.libradio.org\/index.php?rest_route=\/wp\/v2\/pages"}],"about":[{"href":"https:\/\/old.libradio.org\/index.php?rest_route=\/wp\/v2\/types\/page"}],"author":[{"embeddable":true,"href":"https:\/\/old.libradio.org\/index.php?rest_route=\/wp\/v2\/users\/2"}],"replies":[{"embeddable":true,"href":"https:\/\/old.libradio.org\/index.php?rest_route=%2Fwp%2Fv2%2Fcomments&post=8763"}],"version-history":[{"count":91,"href":"https:\/\/old.libradio.org\/index.php?rest_route=\/wp\/v2\/pages\/8763\/revisions"}],"predecessor-version":[{"id":11815,"href":"https:\/\/old.libradio.org\/index.php?rest_route=\/wp\/v2\/pages\/8763\/revisions\/11815"}],"wp:attachment":[{"href":"https:\/\/old.libradio.org\/index.php?rest_route=%2Fwp%2Fv2%2Fmedia&parent=8763"}],"curies":[{"name":"wp","href":"https:\/\/api.w.org\/{rel}","templated":true}]}}